{"id":4745,"date":"2015-05-24T20:33:58","date_gmt":"2015-05-25T01:33:58","guid":{"rendered":"http:\/\/shalouka.com\/produit\/18000-molleton-a-col-arrondi\/"},"modified":"2015-05-24T20:38:24","modified_gmt":"2015-05-25T01:38:24","slug":"71000-molleton-a-la-mode-avec-col-rond","status":"publish","type":"product","link":"https:\/\/shalouka.com\/fr\/produit\/71000-molleton-a-la-mode-avec-col-rond\/","title":{"rendered":"71000 &#8211; Molleton \u00e0 la mode avec col rond"},"content":{"rendered":"<p><span id=\"ctl00_m_g_27a8ba05_116b_47db_a09c_4da75153a324_ctl01_ItemDesc\"><span id=\"ctl00_m_g_27a8ba05_116b_47db_a09c_4da75153a324_ctl01_ItemDesc_LabelProductText\">75% Coton peign\u00e9 et fil\u00e9 \u00e0 l\u2019anneau \/ 25% polyester pr\u00e9r\u00e9tr\u00e9ci, 12 oz. Double coutures au col, \u00e9paules et \u00e0 la base. Bande int\u00e9rieure au col de couleur contrastante. Bordure de tissu sur l\u2019\u00e9paule. (heather grey 30% polyester)<\/span> <\/span><\/p>","protected":false},"excerpt":{"rendered":"<p>75% Coton peign\u00e9 et fil\u00e9 \u00e0 l\u2019anneau \/ 25% polyester pr\u00e9r\u00e9tr\u00e9ci, 12 oz. Double coutures au col, \u00e9paules et \u00e0 la base. Bande int\u00e9rieure au col de couleur contrastante. Bordure de tissu sur l\u2019\u00e9paule. (heather grey 30% polyester)<\/p>\n","protected":false},"featured_media":4747,"template":"","meta":[],"class_list":{"0":"post-4745","1":"product","2":"type-product","3":"status-publish","4":"has-post-thumbnail","6":"product_cat-vetements","7":"product_cat-manche-longue","8":"product_cat-molleton","9":"product_cat-homme","10":"pa_couleur-gris-cendre","11":"pa_couleur-blanc","12":"pa_couleur-charbon","13":"pa_couleur-vert-foret","14":"pa_couleur-marine","15":"pa_couleur-noir","16":"pa_couleur-rouge","17":"pa_couleur-royal","18":"pa_couleur-vert-kelly","19":"pa_grandeur-l","20":"pa_grandeur-m","21":"pa_grandeur-s","22":"pa_grandeur-xl","23":"pa_grandeur-xxl","25":"first","26":"instock","27":"shipping-taxable","28":"purchasable","29":"product-type-variable"},"aioseo_notices":[],"_links":{"self":[{"href":"https:\/\/shalouka.com\/fr\/wp-json\/wp\/v2\/product\/4745","targetHints":{"allow":["GET"]}}],"collection":[{"href":"https:\/\/shalouka.com\/fr\/wp-json\/wp\/v2\/product"}],"about":[{"href":"https:\/\/shalouka.com\/fr\/wp-json\/wp\/v2\/types\/product"}],"wp:featuredmedia":[{"embeddable":true,"href":"https:\/\/shalouka.com\/fr\/wp-json\/wp\/v2\/media\/4747"}],"wp:attachment":[{"href":"https:\/\/shalouka.com\/fr\/wp-json\/wp\/v2\/media?parent=4745"}],"curies":[{"name":"wp","href":"https:\/\/api.w.org\/{rel}","templated":true}]}}