{"id":4740,"date":"2015-05-24T20:03:59","date_gmt":"2015-05-25T01:03:59","guid":{"rendered":"http:\/\/shalouka.com\/produit\/420-t-shirt-biologique\/"},"modified":"2015-05-24T20:32:09","modified_gmt":"2015-05-25T01:32:09","slug":"420-t-shirt-biologique","status":"publish","type":"product","link":"https:\/\/shalouka.com\/fr\/produit\/420-t-shirt-biologique\/","title":{"rendered":"420 &#8211; T-shirt biologique"},"content":{"rendered":"<p><span id=\"ctl00_m_g_27a8ba05_116b_47db_a09c_4da75153a324_ctl01_ItemDesc\"><span id=\"ctl00_m_g_27a8ba05_116b_47db_a09c_4da75153a324_ctl01_ItemDesc_LabelProductText\">100% Coton certifi\u00e9 biologique. Pr\u00e9r\u00e9tr\u00e9ci, 8.9 oz. Surpiq\u00fbres aux \u00e9paules et col. Double coutures aux manches et \u00e0 la base. Blanc et naturel cousu avec un fil de coton.<\/span> <\/span><\/p>","protected":false},"excerpt":{"rendered":"<p>100% Coton certifi\u00e9 biologique. Pr\u00e9r\u00e9tr\u00e9ci, 8.9 oz. Surpiq\u00fbres aux \u00e9paules et col. Double coutures aux manches et \u00e0 la base. Blanc et naturel cousu avec un fil de coton.<\/p>\n","protected":false},"featured_media":4744,"template":"","meta":[],"class_list":{"0":"post-4740","1":"product","2":"type-product","3":"status-publish","4":"has-post-thumbnail","6":"product_cat-vetements","7":"product_cat-manche-courte","8":"product_cat-homme","9":"pa_couleur-blanc","10":"pa_couleur-bleu-pale","11":"pa_couleur-charbon","12":"pa_couleur-chocolat","13":"pa_couleur-vert-foret","14":"pa_couleur-marine","15":"pa_couleur-naturel","16":"pa_couleur-noir","17":"pa_couleur-rouge","18":"pa_couleur-vert-kelly","19":"pa_grandeur-3xl","20":"pa_grandeur-l","21":"pa_grandeur-m","22":"pa_grandeur-s","23":"pa_grandeur-xl","24":"pa_grandeur-xxl","26":"first","27":"instock","28":"shipping-taxable","29":"purchasable","30":"product-type-variable"},"aioseo_notices":[],"_links":{"self":[{"href":"https:\/\/shalouka.com\/fr\/wp-json\/wp\/v2\/product\/4740","targetHints":{"allow":["GET"]}}],"collection":[{"href":"https:\/\/shalouka.com\/fr\/wp-json\/wp\/v2\/product"}],"about":[{"href":"https:\/\/shalouka.com\/fr\/wp-json\/wp\/v2\/types\/product"}],"wp:featuredmedia":[{"embeddable":true,"href":"https:\/\/shalouka.com\/fr\/wp-json\/wp\/v2\/media\/4744"}],"wp:attachment":[{"href":"https:\/\/shalouka.com\/fr\/wp-json\/wp\/v2\/media?parent=4740"}],"curies":[{"name":"wp","href":"https:\/\/api.w.org\/{rel}","templated":true}]}}