{"id":4738,"date":"2015-05-24T20:03:57","date_gmt":"2015-05-25T01:03:57","guid":{"rendered":"http:\/\/shalouka.com\/produit\/6750-t-shirt-a-col-rond-triblend\/"},"modified":"2015-05-24T20:28:30","modified_gmt":"2015-05-25T01:28:30","slug":"6750-t-shirt-a-col-rond-triblend","status":"publish","type":"product","link":"https:\/\/shalouka.com\/fr\/produit\/6750-t-shirt-a-col-rond-triblend\/","title":{"rendered":"6750 &#8211; T-shirt \u00e0 col rond Triblend"},"content":{"rendered":"<p><span id=\"ctl00_m_g_27a8ba05_116b_47db_a09c_4da75153a324_ctl01_ItemDesc\"><span id=\"ctl00_m_g_27a8ba05_116b_47db_a09c_4da75153a324_ctl01_ItemDesc_LabelProductText\">50% Polyester\/25% coton fil\u00e9 \u00e0 l\u2019anneau\/25% rayonne, 7.85 oz. Pr\u00e9r\u00e9tr\u00e9ci couture lat\u00e9rale. Col avec bande 5\/8\u201d. Devant du col avec couture simple. Double coutures aux manches et \u00e0 la base. \u00c9tiquette d\u00e9tachable. Mi-ajust\u00e9, 30 Single. (Heathers-50% Cotton\/25% Polyester\/25% Rayon)<\/span> <\/span><\/p>","protected":false},"excerpt":{"rendered":"<p>50% Polyester\/25% coton fil\u00e9 \u00e0 l\u2019anneau\/25% rayonne, 7.85 oz. Pr\u00e9r\u00e9tr\u00e9ci couture lat\u00e9rale. Col avec bande 5\/8\u201d. Devant du col avec couture simple. Double coutures aux manches et \u00e0 la base. \u00c9tiquette d\u00e9tachable. Mi-ajust\u00e9, 30 Single. (Heathers-50% Cotton\/25% Polyester\/25% Rayon)<\/p>\n","protected":false},"featured_media":4743,"template":"","meta":[],"class_list":{"0":"post-4738","1":"product","2":"type-product","3":"status-publish","4":"has-post-thumbnail","6":"product_cat-vetements","7":"product_cat-manche-courte","8":"product_cat-homme","9":"pa_couleur-gris-cendre","10":"pa_couleur-bleu-delave","11":"pa_couleur-bleu-galapagos","12":"pa_couleur-gris-fonce","13":"pa_couleur-rouge","14":"pa_grandeur-l","15":"pa_grandeur-m","16":"pa_grandeur-s","17":"pa_grandeur-xl","18":"pa_grandeur-xxl","20":"first","21":"instock","22":"shipping-taxable","23":"purchasable","24":"product-type-variable"},"aioseo_notices":[],"_links":{"self":[{"href":"https:\/\/shalouka.com\/fr\/wp-json\/wp\/v2\/product\/4738","targetHints":{"allow":["GET"]}}],"collection":[{"href":"https:\/\/shalouka.com\/fr\/wp-json\/wp\/v2\/product"}],"about":[{"href":"https:\/\/shalouka.com\/fr\/wp-json\/wp\/v2\/types\/product"}],"wp:featuredmedia":[{"embeddable":true,"href":"https:\/\/shalouka.com\/fr\/wp-json\/wp\/v2\/media\/4743"}],"wp:attachment":[{"href":"https:\/\/shalouka.com\/fr\/wp-json\/wp\/v2\/media?parent=4738"}],"curies":[{"name":"wp","href":"https:\/\/api.w.org\/{rel}","templated":true}]}}