{"id":4736,"date":"2015-05-24T20:03:38","date_gmt":"2015-05-25T01:03:38","guid":{"rendered":"http:\/\/shalouka.com\/produit\/2400-t-shirt-a-manches-longues-2\/"},"modified":"2015-05-24T20:20:34","modified_gmt":"2015-05-25T01:20:34","slug":"6755-t-shirt-triblend-a-manches-raglan-34","status":"publish","type":"product","link":"https:\/\/shalouka.com\/fr\/produit\/6755-t-shirt-triblend-a-manches-raglan-34\/","title":{"rendered":"6755 &#8211; T-Shirt Triblend \u00e0 manches raglan 3\/4"},"content":{"rendered":"<p><span id=\"ctl00_m_g_27a8ba05_116b_47db_a09c_4da75153a324_ctl01_ItemDesc\"><span id=\"ctl00_m_g_27a8ba05_116b_47db_a09c_4da75153a324_ctl01_ItemDesc_LabelProductText\">50% Polyester\/25% coton fil\u00e9 \u00e0 l\u2019anneau\/25% rayonne, 7.85 oz. Pr\u00e9r\u00e9tr\u00e9ci couture lat\u00e9rale. Couleur contrastante au col et aux manches \u00be. Couture simple au col. Double coutures aux manches et \u00e0 la base. Etiquette d\u00e9tachable. Semi-ajust\u00e9, 30 Single. (Heathers-50% Cotton\/25% Polyester\/25% Rayon)<\/span> <\/span><\/p>\n<p>Couleurs<\/p>\n<p>Blanc avec manches gris cendr\u00e9 fonc\u00e9<\/p>\n<p>Gris cendr\u00e9 avec manches gris cendr\u00e9 fonc\u00e9, rouge cendr\u00e9, bleu cendr\u00e9 ou aubergine cendr\u00e9<\/p>\n<p>Bleu cendr\u00e9 avec manches gris cendr\u00e9<\/p>\n<p>&nbsp;<\/p>\n<p>&nbsp;<\/p>","protected":false},"excerpt":{"rendered":"<p>50% Polyester\/25% coton fil\u00e9 \u00e0 l\u2019anneau\/25% rayonne, 7.85 oz. Pr\u00e9r\u00e9tr\u00e9ci couture lat\u00e9rale. Couleur contrastante au col et aux manches \u00be. Couture simple au col. Double coutures aux manches et \u00e0 la base. Etiquette d\u00e9tachable. Semi-ajust\u00e9, 30 Single. (Heathers-50% Cotton\/25% Polyester\/25% Rayon) Couleurs Blanc avec manches gris cendr\u00e9 fonc\u00e9 Gris cendr\u00e9 avec manches gris cendr\u00e9 fonc\u00e9, [&hellip;]<\/p>\n","protected":false},"featured_media":4742,"template":"","meta":[],"class_list":{"0":"post-4736","1":"product","2":"type-product","3":"status-publish","4":"has-post-thumbnail","6":"product_cat-vetements","7":"product_cat-manche-longue","8":"product_cat-performance","9":"product_cat-homme","10":"pa_couleur-gris-cendre","11":"pa_couleur-bleu-delave","12":"pa_couleur-rouge","13":"pa_grandeur-l","14":"pa_grandeur-m","15":"pa_grandeur-s","16":"pa_grandeur-xl","17":"pa_grandeur-xs","18":"pa_grandeur-xxl","20":"first","21":"instock","22":"shipping-taxable","23":"purchasable","24":"product-type-variable"},"aioseo_notices":[],"_links":{"self":[{"href":"https:\/\/shalouka.com\/fr\/wp-json\/wp\/v2\/product\/4736","targetHints":{"allow":["GET"]}}],"collection":[{"href":"https:\/\/shalouka.com\/fr\/wp-json\/wp\/v2\/product"}],"about":[{"href":"https:\/\/shalouka.com\/fr\/wp-json\/wp\/v2\/types\/product"}],"wp:featuredmedia":[{"embeddable":true,"href":"https:\/\/shalouka.com\/fr\/wp-json\/wp\/v2\/media\/4742"}],"wp:attachment":[{"href":"https:\/\/shalouka.com\/fr\/wp-json\/wp\/v2\/media?parent=4736"}],"curies":[{"name":"wp","href":"https:\/\/api.w.org\/{rel}","templated":true}]}}