{"id":4727,"date":"2015-05-24T19:40:27","date_gmt":"2015-05-25T00:40:27","guid":{"rendered":"http:\/\/shalouka.com\/produit\/ts246-shorts-9-moisture-wicking\/"},"modified":"2015-05-24T20:01:03","modified_gmt":"2015-05-25T01:01:03","slug":"ts246-shorts-9-moisture-wicking","status":"publish","type":"product","link":"https:\/\/shalouka.com\/fr\/produit\/ts246-shorts-9-moisture-wicking\/","title":{"rendered":"TS246 &#8211; Shorts 9&#8243; &#8220;moisture wicking&#8221;"},"content":{"rendered":"<p>100% polyester \u201cwicking\u201d. 7.13 oz. Taille \u00e9lastique avec cordon. Coutures \u00e0 plat. Prendre les pr\u00e9cautions n\u00e9cessaires pour l\u2019impression.<\/p>","protected":false},"excerpt":{"rendered":"<p>100% polyester \u201cwicking\u201d. 7.13 oz. Taille \u00e9lastique avec cordon. Coutures \u00e0 plat. Prendre les pr\u00e9cautions n\u00e9cessaires pour l\u2019impression.<\/p>\n","protected":false},"featured_media":4733,"template":"","meta":[],"class_list":{"0":"post-4727","1":"product","2":"type-product","3":"status-publish","4":"has-post-thumbnail","6":"product_cat-vetements","7":"product_cat-culotte-courte","8":"product_cat-performance","9":"product_cat-homme","10":"pa_couleur-marine","11":"pa_couleur-noir","12":"pa_grandeur-l","13":"pa_grandeur-m","14":"pa_grandeur-s","15":"pa_grandeur-xl","16":"pa_grandeur-xs","17":"pa_grandeur-xxl","19":"first","20":"instock","21":"shipping-taxable","22":"purchasable","23":"product-type-variable"},"aioseo_notices":[],"_links":{"self":[{"href":"https:\/\/shalouka.com\/fr\/wp-json\/wp\/v2\/product\/4727","targetHints":{"allow":["GET"]}}],"collection":[{"href":"https:\/\/shalouka.com\/fr\/wp-json\/wp\/v2\/product"}],"about":[{"href":"https:\/\/shalouka.com\/fr\/wp-json\/wp\/v2\/types\/product"}],"wp:featuredmedia":[{"embeddable":true,"href":"https:\/\/shalouka.com\/fr\/wp-json\/wp\/v2\/media\/4733"}],"wp:attachment":[{"href":"https:\/\/shalouka.com\/fr\/wp-json\/wp\/v2\/media?parent=4727"}],"curies":[{"name":"wp","href":"https:\/\/api.w.org\/{rel}","templated":true}]}}