{"id":4721,"date":"2015-05-15T13:42:56","date_gmt":"2015-05-15T18:42:56","guid":{"rendered":"http:\/\/shalouka.com\/produit\/b3719-molleton-a-capuchon-unisexe-en-poly-coton\/"},"modified":"2015-05-24T20:44:11","modified_gmt":"2015-05-25T01:44:11","slug":"b2000-t-shirt-a-manches-34-contrastantes","status":"publish","type":"product","link":"https:\/\/shalouka.com\/fr\/produit\/b2000-t-shirt-a-manches-34-contrastantes-2\/","title":{"rendered":"B2000 &#8211; T-shirt \u00e0 manches 3\/4 contrastantes"},"content":{"rendered":"<p><span id=\"ctl00_m_g_27a8ba05_116b_47db_a09c_4da75153a324_ctl01_ItemDesc\"><span id=\"ctl00_m_g_27a8ba05_116b_47db_a09c_4da75153a324_ctl01_ItemDesc_LabelProductText\">100% Coton, peign\u00e9 et fil\u00e9 \u00e0 l\u2019anneau 9,6 onces. 30 Single. Tricot c\u00f4tel\u00e9 1&#215;1, tr\u00e8s doux. Manches et col contrastants. <\/span><\/span><\/p>\n<p>Chandail blanc avec les manches roses, rouges, noires ou marines.<\/p>\n<p>Chandail gris fonc\u00e9 avec les manches noires.<\/p>","protected":false},"excerpt":{"rendered":"<p>100% Coton, peign\u00e9 et fil\u00e9 \u00e0 l\u2019anneau 9,6 onces. 30 Single. Tricot c\u00f4tel\u00e9 1&#215;1, tr\u00e8s doux. Manches et col contrastants. Chandail blanc avec les manches roses, rouges, noires ou marines. Chandail gris fonc\u00e9 avec les manches noires.<\/p>\n","protected":false},"featured_media":4723,"template":"","meta":[],"class_list":{"0":"post-4721","1":"product","2":"type-product","3":"status-publish","4":"has-post-thumbnail","6":"product_cat-vetements","7":"product_cat-manche-longue","8":"product_cat-bella-canvas","9":"product_cat-femme","10":"pa_couleur-marine","11":"pa_couleur-noir","12":"pa_couleur-rose","13":"pa_couleur-rouge","14":"pa_grandeur-l","15":"pa_grandeur-m","16":"pa_grandeur-s","17":"pa_grandeur-xl","19":"first","20":"instock","21":"shipping-taxable","22":"purchasable","23":"product-type-variable"},"aioseo_notices":[],"_links":{"self":[{"href":"https:\/\/shalouka.com\/fr\/wp-json\/wp\/v2\/product\/4721","targetHints":{"allow":["GET"]}}],"collection":[{"href":"https:\/\/shalouka.com\/fr\/wp-json\/wp\/v2\/product"}],"about":[{"href":"https:\/\/shalouka.com\/fr\/wp-json\/wp\/v2\/types\/product"}],"wp:featuredmedia":[{"embeddable":true,"href":"https:\/\/shalouka.com\/fr\/wp-json\/wp\/v2\/media\/4723"}],"wp:attachment":[{"href":"https:\/\/shalouka.com\/fr\/wp-json\/wp\/v2\/media?parent=4721"}],"curies":[{"name":"wp","href":"https:\/\/api.w.org\/{rel}","templated":true}]}}