{"id":4718,"date":"2015-05-15T13:35:27","date_gmt":"2015-05-15T18:35:27","guid":{"rendered":"http:\/\/shalouka.com\/produit\/b3055-t-shirt-ringer-heather-jersey\/"},"modified":"2015-05-15T13:41:55","modified_gmt":"2015-05-15T18:41:55","slug":"b3719-molleton-a-capuchon-unisexe-en-poly-coton","status":"publish","type":"product","link":"https:\/\/shalouka.com\/fr\/produit\/b3719-molleton-a-capuchon-unisexe-en-poly-coton\/","title":{"rendered":"B3719- Molleton \u00e0 capuchon unisexe en poly-coton"},"content":{"rendered":"<p><span id=\"ctl00_m_g_27a8ba05_116b_47db_a09c_4da75153a324_ctl01_ItemDesc\"><span id=\"ctl00_m_g_27a8ba05_116b_47db_a09c_4da75153a324_ctl01_ItemDesc_LabelProductText\">60% Coton peign\u00e9 et fil\u00e9 \u00e0 l\u2019anneau, 40% polyester, 30 single 10,8 oz. (couleurs digitales : 100% polyester, 32 single, couleur marble : 85% coton peign\u00e9 et fil\u00e9 \u00e0 l\u2019anneau, 15% polyester) Cordon contrastant en blanc, poches manchons et bordures c\u00f4tel\u00e9es aux poignets et \u00e0 la bande de taille. Coupe au d\u00e9tail. Couture lat\u00e9rale. <\/span><\/span><\/p>","protected":false},"excerpt":{"rendered":"<p>60% Coton peign\u00e9 et fil\u00e9 \u00e0 l\u2019anneau, 40% polyester, 30 single 10,8 oz. (couleurs digitales : 100% polyester, 32 single, couleur marble : 85% coton peign\u00e9 et fil\u00e9 \u00e0 l\u2019anneau, 15% polyester) Cordon contrastant en blanc, poches manchons et bordures c\u00f4tel\u00e9es aux poignets et \u00e0 la bande de taille. Coupe au d\u00e9tail. Couture lat\u00e9rale.<\/p>\n","protected":false},"featured_media":4720,"template":"","meta":[],"class_list":{"0":"post-4718","1":"product","2":"type-product","3":"status-publish","4":"has-post-thumbnail","6":"product_cat-vetements","7":"product_cat-capuchon","8":"product_cat-molleton","9":"product_cat-bella-canvas","10":"product_cat-femme","11":"product_cat-homme","12":"pa_couleur-gris-fonce","13":"pa_couleur-marine","14":"pa_couleur-noir","15":"pa_couleur-rouge","16":"pa_couleur-gris-sport","17":"pa_grandeur-l","18":"pa_grandeur-m","19":"pa_grandeur-s","20":"pa_grandeur-xl","21":"pa_grandeur-xs","22":"pa_grandeur-xxl","24":"first","25":"instock","26":"shipping-taxable","27":"purchasable","28":"product-type-variable"},"aioseo_notices":[],"_links":{"self":[{"href":"https:\/\/shalouka.com\/fr\/wp-json\/wp\/v2\/product\/4718","targetHints":{"allow":["GET"]}}],"collection":[{"href":"https:\/\/shalouka.com\/fr\/wp-json\/wp\/v2\/product"}],"about":[{"href":"https:\/\/shalouka.com\/fr\/wp-json\/wp\/v2\/types\/product"}],"wp:featuredmedia":[{"embeddable":true,"href":"https:\/\/shalouka.com\/fr\/wp-json\/wp\/v2\/media\/4720"}],"wp:attachment":[{"href":"https:\/\/shalouka.com\/fr\/wp-json\/wp\/v2\/media?parent=4718"}],"curies":[{"name":"wp","href":"https:\/\/api.w.org\/{rel}","templated":true}]}}