{"id":4713,"date":"2015-05-15T13:10:02","date_gmt":"2015-05-15T18:10:02","guid":{"rendered":"http:\/\/shalouka.com\/produit\/b3413-t-shirt-triblend\/"},"modified":"2015-05-15T13:34:23","modified_gmt":"2015-05-15T18:34:23","slug":"b3650-t-shirt-a-manches-courtes-unisexe","status":"publish","type":"product","link":"https:\/\/shalouka.com\/fr\/produit\/b3650-t-shirt-a-manches-courtes-unisexe\/","title":{"rendered":"B3650 &#8211; T-shirt \u00e0 manches courtes unisexe"},"content":{"rendered":"<p><span id=\"ctl00_m_g_27a8ba05_116b_47db_a09c_4da75153a324_ctl01_ItemDesc\"><span id=\"ctl00_m_g_27a8ba05_116b_47db_a09c_4da75153a324_ctl01_ItemDesc_LabelProductText\">91% polyester, 9% coton peign\u00e9 et fi l\u00e9 \u00e0 l\u2019anneau, 6,0 oz. T-shirt super doux avec couture lat\u00e9rale. Unisexe. Couture lat\u00e9rale. Coupe au d\u00e9tail. <\/span><\/span><\/p>\n<p>(toutes les couleurs sont marbr\u00e9es)<\/p>","protected":false},"excerpt":{"rendered":"<p>91% polyester, 9% coton peign\u00e9 et fi l\u00e9 \u00e0 l\u2019anneau, 6,0 oz. T-shirt super doux avec couture lat\u00e9rale. Unisexe. Couture lat\u00e9rale. Coupe au d\u00e9tail. (toutes les couleurs sont marbr\u00e9es)<\/p>\n","protected":false},"featured_media":4717,"template":"","meta":[],"class_list":{"0":"post-4713","1":"product","2":"type-product","3":"status-publish","4":"has-post-thumbnail","6":"product_cat-vetements","7":"product_cat-bella-canvas","8":"product_cat-manche-courte","9":"product_cat-femme","10":"product_cat-homme","11":"pa_couleur-blanc","12":"pa_couleur-charbon","13":"pa_couleur-marine","14":"pa_couleur-noir","15":"pa_couleur-royal","16":"pa_grandeur-l","17":"pa_grandeur-m","18":"pa_grandeur-s","19":"pa_grandeur-xl","20":"pa_grandeur-xxl","22":"first","23":"instock","24":"shipping-taxable","25":"purchasable","26":"product-type-variable"},"aioseo_notices":[],"_links":{"self":[{"href":"https:\/\/shalouka.com\/fr\/wp-json\/wp\/v2\/product\/4713","targetHints":{"allow":["GET"]}}],"collection":[{"href":"https:\/\/shalouka.com\/fr\/wp-json\/wp\/v2\/product"}],"about":[{"href":"https:\/\/shalouka.com\/fr\/wp-json\/wp\/v2\/types\/product"}],"wp:featuredmedia":[{"embeddable":true,"href":"https:\/\/shalouka.com\/fr\/wp-json\/wp\/v2\/media\/4717"}],"wp:attachment":[{"href":"https:\/\/shalouka.com\/fr\/wp-json\/wp\/v2\/media?parent=4713"}],"curies":[{"name":"wp","href":"https:\/\/api.w.org\/{rel}","templated":true}]}}