{"id":4711,"date":"2015-05-15T13:09:53","date_gmt":"2015-05-15T18:09:53","guid":{"rendered":"http:\/\/shalouka.com\/produit\/b3413-t-shirt-triblend\/"},"modified":"2015-05-15T13:31:41","modified_gmt":"2015-05-15T18:31:41","slug":"b3415-t-shirt-triblend-avec-col-en-v","status":"publish","type":"product","link":"https:\/\/shalouka.com\/fr\/produit\/b3415-t-shirt-triblend-avec-col-en-v\/","title":{"rendered":"B3415 &#8211; T-shirt triblend avec col en V"},"content":{"rendered":"<p><span id=\"ctl00_m_g_27a8ba05_116b_47db_a09c_4da75153a324_ctl01_ItemDesc\"><span id=\"ctl00_m_g_27a8ba05_116b_47db_a09c_4da75153a324_ctl01_ItemDesc_LabelProductText\">50% Polyester, 25% coton peign\u00e9 et fil\u00e9 \u00e0 l\u2019anneau, 25% rayonne, 6,7 oz. Jersey triblend et triblend c\u00f4tel\u00e9 (bordures de manches et bande de taille). \u00a0<\/span><\/span><\/p>","protected":false},"excerpt":{"rendered":"<p>50% Polyester, 25% coton peign\u00e9 et fil\u00e9 \u00e0 l\u2019anneau, 25% rayonne, 6,7 oz. Jersey triblend et triblend c\u00f4tel\u00e9 (bordures de manches et bande de taille). \u00a0<\/p>\n","protected":false},"featured_media":4716,"template":"","meta":[],"class_list":{"0":"post-4711","1":"product","2":"type-product","3":"status-publish","4":"has-post-thumbnail","6":"product_cat-vetements","7":"product_cat-bella-canvas","8":"product_cat-manche-courte","9":"product_cat-homme","10":"pa_couleur-bleu-carolina","11":"pa_couleur-charbon","12":"pa_couleur-marine","13":"pa_couleur-gris-sport","14":"pa_grandeur-l","15":"pa_grandeur-m","16":"pa_grandeur-s","17":"pa_grandeur-xl","18":"pa_grandeur-xxl","20":"first","21":"instock","22":"shipping-taxable","23":"purchasable","24":"product-type-variable"},"aioseo_notices":[],"_links":{"self":[{"href":"https:\/\/shalouka.com\/fr\/wp-json\/wp\/v2\/product\/4711","targetHints":{"allow":["GET"]}}],"collection":[{"href":"https:\/\/shalouka.com\/fr\/wp-json\/wp\/v2\/product"}],"about":[{"href":"https:\/\/shalouka.com\/fr\/wp-json\/wp\/v2\/types\/product"}],"wp:featuredmedia":[{"embeddable":true,"href":"https:\/\/shalouka.com\/fr\/wp-json\/wp\/v2\/media\/4716"}],"wp:attachment":[{"href":"https:\/\/shalouka.com\/fr\/wp-json\/wp\/v2\/media?parent=4711"}],"curies":[{"name":"wp","href":"https:\/\/api.w.org\/{rel}","templated":true}]}}