{"id":4709,"date":"2015-05-15T13:09:40","date_gmt":"2015-05-15T18:09:40","guid":{"rendered":"http:\/\/shalouka.com\/produit\/b3413-t-shirt-triblend\/"},"modified":"2015-05-15T13:16:43","modified_gmt":"2015-05-15T18:16:43","slug":"b3055-t-shirt-ringer-heather-jersey","status":"publish","type":"product","link":"https:\/\/shalouka.com\/fr\/produit\/b3055-t-shirt-ringer-heather-jersey\/","title":{"rendered":"B3055- T-shirt ringer heather jersey"},"content":{"rendered":"<p><span id=\"ctl00_m_g_27a8ba05_116b_47db_a09c_4da75153a324_ctl01_ItemDesc\"><span id=\"ctl00_m_g_27a8ba05_116b_47db_a09c_4da75153a324_ctl01_ItemDesc_LabelProductText\">52% Coton peign\u00e9 et fil\u00e9 \u00e0 l\u2019anneau, 48% polyester, 30 Single. 7 oz. Tr\u00e8s doux. Couture lat\u00e9rale. Bande contrastante au col et aux manches. Coupe au d\u00e9tail. <\/span><\/span><\/p>","protected":false},"excerpt":{"rendered":"<p>52% Coton peign\u00e9 et fil\u00e9 \u00e0 l\u2019anneau, 48% polyester, 30 Single. 7 oz. Tr\u00e8s doux. Couture lat\u00e9rale. Bande contrastante au col et aux manches. Coupe au d\u00e9tail.<\/p>\n","protected":false},"featured_media":4715,"template":"","meta":[],"class_list":{"0":"post-4709","1":"product","2":"type-product","3":"status-publish","4":"has-post-thumbnail","6":"product_cat-vetements","7":"product_cat-bella-canvas","8":"product_cat-manche-courte","9":"product_cat-homme","10":"pa_couleur-gris-cendre","11":"pa_couleur-brun-savana","12":"pa_couleur-vert-foret","13":"pa_couleur-marine","14":"pa_grandeur-l","15":"pa_grandeur-m","16":"pa_grandeur-s","17":"pa_grandeur-xl","18":"pa_grandeur-xxl","20":"first","21":"instock","22":"shipping-taxable","23":"purchasable","24":"product-type-variable"},"aioseo_notices":[],"_links":{"self":[{"href":"https:\/\/shalouka.com\/fr\/wp-json\/wp\/v2\/product\/4709","targetHints":{"allow":["GET"]}}],"collection":[{"href":"https:\/\/shalouka.com\/fr\/wp-json\/wp\/v2\/product"}],"about":[{"href":"https:\/\/shalouka.com\/fr\/wp-json\/wp\/v2\/types\/product"}],"wp:featuredmedia":[{"embeddable":true,"href":"https:\/\/shalouka.com\/fr\/wp-json\/wp\/v2\/media\/4715"}],"wp:attachment":[{"href":"https:\/\/shalouka.com\/fr\/wp-json\/wp\/v2\/media?parent=4709"}],"curies":[{"name":"wp","href":"https:\/\/api.w.org\/{rel}","templated":true}]}}