{"id":4706,"date":"2015-05-15T13:00:33","date_gmt":"2015-05-15T18:00:33","guid":{"rendered":"http:\/\/shalouka.com\/produit\/b812-legging-pour-femme-2\/"},"modified":"2015-05-15T13:08:59","modified_gmt":"2015-05-15T18:08:59","slug":"b3413-t-shirt-triblend","status":"publish","type":"product","link":"https:\/\/shalouka.com\/fr\/produit\/b3413-t-shirt-triblend\/","title":{"rendered":"B3413 &#8211; T-shirt triblend"},"content":{"rendered":"<p><span id=\"ctl00_m_g_27a8ba05_116b_47db_a09c_4da75153a324_ctl01_ItemDesc\"><span id=\"ctl00_m_g_27a8ba05_116b_47db_a09c_4da75153a324_ctl01_ItemDesc_LabelProductText\">6.7 oz 50 % Polyester,\u00a025 % coton,\u00a025 % rayonne. T-shirt en tissu in\u00e9dit que vous allez certainement adopter. Ce m\u00e9lange unique de tissus conf\u00e8re une coupe ajust\u00e9e. Tr\u00e8s confortable et extr\u00eamement durable, ce t-shirt r\u00e9siste aux lessives \u00e0 r\u00e9p\u00e9tition et aux utilisations plus exigeantes.<\/span><\/span><\/p>","protected":false},"excerpt":{"rendered":"<p>6.7 oz 50 % Polyester,\u00a025 % coton,\u00a025 % rayonne. T-shirt en tissu in\u00e9dit que vous allez certainement adopter. Ce m\u00e9lange unique de tissus conf\u00e8re une coupe ajust\u00e9e. Tr\u00e8s confortable et extr\u00eamement durable, ce t-shirt r\u00e9siste aux lessives \u00e0 r\u00e9p\u00e9tition et aux utilisations plus exigeantes.<\/p>\n","protected":false},"featured_media":4708,"template":"","meta":[],"class_list":{"0":"post-4706","1":"product","2":"type-product","3":"status-publish","4":"has-post-thumbnail","6":"product_cat-vetements","7":"product_cat-bella-canvas","8":"product_cat-manche-courte","9":"product_cat-homme","10":"pa_couleur-blanc","11":"pa_couleur-bleu-carolina","12":"pa_couleur-marine","13":"pa_couleur-marron","14":"pa_couleur-noir","15":"pa_couleur-rouge","16":"pa_couleur-gris-sport","17":"pa_grandeur-l","18":"pa_grandeur-m","19":"pa_grandeur-s","20":"pa_grandeur-xl","21":"pa_grandeur-xs","22":"pa_grandeur-xxl","24":"first","25":"instock","26":"shipping-taxable","27":"purchasable","28":"product-type-variable"},"aioseo_notices":[],"_links":{"self":[{"href":"https:\/\/shalouka.com\/fr\/wp-json\/wp\/v2\/product\/4706","targetHints":{"allow":["GET"]}}],"collection":[{"href":"https:\/\/shalouka.com\/fr\/wp-json\/wp\/v2\/product"}],"about":[{"href":"https:\/\/shalouka.com\/fr\/wp-json\/wp\/v2\/types\/product"}],"wp:featuredmedia":[{"embeddable":true,"href":"https:\/\/shalouka.com\/fr\/wp-json\/wp\/v2\/media\/4708"}],"wp:attachment":[{"href":"https:\/\/shalouka.com\/fr\/wp-json\/wp\/v2\/media?parent=4706"}],"curies":[{"name":"wp","href":"https:\/\/api.w.org\/{rel}","templated":true}]}}