{"id":4701,"date":"2015-05-15T12:41:01","date_gmt":"2015-05-15T17:41:01","guid":{"rendered":"http:\/\/shalouka.com\/produit\/tpm358-polo-pique-performant\/"},"modified":"2015-05-15T12:59:16","modified_gmt":"2015-05-15T17:59:16","slug":"94800-polo-sport-tricot-pique","status":"publish","type":"product","link":"https:\/\/shalouka.com\/fr\/produit\/94800-polo-sport-tricot-pique\/","title":{"rendered":"94800 &#8211; Polo sport tricot piqu\u00e9"},"content":{"rendered":"<p><span id=\"ctl00_m_g_27a8ba05_116b_47db_a09c_4da75153a324_ctl01_ItemDesc\"><span id=\"ctl00_m_g_27a8ba05_116b_47db_a09c_4da75153a324_ctl01_ItemDesc_LabelProductText\">50% Coton\/ 50% polyester driblend tricot piqu\u00e9, 11 oz. Transfert thermique de l\u2019\u00e9tiquette. 3 boutons agenc\u00e9s au v\u00eatement. Plaquette renforc\u00e9e. Double coutures aux manches et \u00e0 la base. <\/span> <\/span><\/p>","protected":false},"excerpt":{"rendered":"<p>50% Coton\/ 50% polyester driblend tricot piqu\u00e9, 11 oz. Transfert thermique de l\u2019\u00e9tiquette. 3 boutons agenc\u00e9s au v\u00eatement. Plaquette renforc\u00e9e. Double coutures aux manches et \u00e0 la base.<\/p>\n","protected":false},"featured_media":4705,"template":"","meta":[],"class_list":{"0":"post-4701","1":"product","2":"type-product","3":"status-publish","4":"has-post-thumbnail","6":"product_cat-vetements","7":"product_cat-gildan","8":"product_cat-manche-courte","9":"product_cat-polo","10":"product_cat-performance","11":"product_cat-homme","12":"pa_couleur-blanc","13":"pa_couleur-charbon","14":"pa_couleur-marine","15":"pa_couleur-marron","16":"pa_couleur-noir","17":"pa_couleur-rouge","18":"pa_couleur-royal","19":"pa_grandeur-l","20":"pa_grandeur-m","21":"pa_grandeur-s","22":"pa_grandeur-xl","23":"pa_grandeur-xxl","25":"first","26":"instock","27":"shipping-taxable","28":"purchasable","29":"product-type-variable"},"aioseo_notices":[],"_links":{"self":[{"href":"https:\/\/shalouka.com\/fr\/wp-json\/wp\/v2\/product\/4701","targetHints":{"allow":["GET"]}}],"collection":[{"href":"https:\/\/shalouka.com\/fr\/wp-json\/wp\/v2\/product"}],"about":[{"href":"https:\/\/shalouka.com\/fr\/wp-json\/wp\/v2\/types\/product"}],"wp:featuredmedia":[{"embeddable":true,"href":"https:\/\/shalouka.com\/fr\/wp-json\/wp\/v2\/media\/4705"}],"wp:attachment":[{"href":"https:\/\/shalouka.com\/fr\/wp-json\/wp\/v2\/media?parent=4701"}],"curies":[{"name":"wp","href":"https:\/\/api.w.org\/{rel}","templated":true}]}}