{"id":4699,"date":"2015-05-15T12:40:58","date_gmt":"2015-05-15T17:40:58","guid":{"rendered":"http:\/\/shalouka.com\/produit\/tpm358-polo-pique-performant\/"},"modified":"2015-05-15T12:55:01","modified_gmt":"2015-05-15T17:55:01","slug":"44800-polo-sport-premium-en-coton-pique","status":"publish","type":"product","link":"https:\/\/shalouka.com\/fr\/produit\/44800-polo-sport-premium-en-coton-pique\/","title":{"rendered":"44800 &#8211; Polo sport premium en coton piqu\u00e9"},"content":{"rendered":"<p><span id=\"ctl00_m_g_27a8ba05_116b_47db_a09c_4da75153a324_ctl01_ItemDesc\"><span id=\"ctl00_m_g_27a8ba05_116b_47db_a09c_4da75153a324_ctl01_ItemDesc_LabelProductText\">100% Filament poly jersey tricot 7,8 oz. Col contour\u00e9. Transfert thermique de l\u2019\u00e9tiquette. Plaquette renforc\u00e9e garnie de 3 boutons perl\u00e9s. Couture lat\u00e9rale avec ouvertures \u00e0 la taille. Double coutures aux manches et \u00e0 la base.<\/span> <\/span><\/p>\n<p>(les couleurs suivantes sont marbr\u00e9es: marine, h\u00e9liconia, bleu Galapagos, royal et charbon)<\/p>","protected":false},"excerpt":{"rendered":"<p>100% Filament poly jersey tricot 7,8 oz. Col contour\u00e9. Transfert thermique de l\u2019\u00e9tiquette. Plaquette renforc\u00e9e garnie de 3 boutons perl\u00e9s. Couture lat\u00e9rale avec ouvertures \u00e0 la taille. Double coutures aux manches et \u00e0 la base. (les couleurs suivantes sont marbr\u00e9es: marine, h\u00e9liconia, bleu Galapagos, royal et charbon)<\/p>\n","protected":false},"featured_media":4704,"template":"","meta":[],"class_list":{"0":"post-4699","1":"product","2":"type-product","3":"status-publish","4":"has-post-thumbnail","6":"product_cat-vetements","7":"product_cat-gildan","8":"product_cat-manche-courte","9":"product_cat-polo","10":"product_cat-performance","11":"product_cat-homme","12":"pa_couleur-blanc","13":"pa_couleur-bleu-galapagos","14":"pa_couleur-charbon","15":"pa_couleur-heliconia","16":"pa_couleur-marine","17":"pa_couleur-noir","18":"pa_couleur-rouge","19":"pa_couleur-royal","20":"pa_grandeur-3xl","21":"pa_grandeur-l","22":"pa_grandeur-m","23":"pa_grandeur-s","24":"pa_grandeur-xl","25":"pa_grandeur-xxl","27":"first","28":"instock","29":"shipping-taxable","30":"purchasable","31":"product-type-variable"},"aioseo_notices":[],"_links":{"self":[{"href":"https:\/\/shalouka.com\/fr\/wp-json\/wp\/v2\/product\/4699","targetHints":{"allow":["GET"]}}],"collection":[{"href":"https:\/\/shalouka.com\/fr\/wp-json\/wp\/v2\/product"}],"about":[{"href":"https:\/\/shalouka.com\/fr\/wp-json\/wp\/v2\/types\/product"}],"wp:featuredmedia":[{"embeddable":true,"href":"https:\/\/shalouka.com\/fr\/wp-json\/wp\/v2\/media\/4704"}],"wp:attachment":[{"href":"https:\/\/shalouka.com\/fr\/wp-json\/wp\/v2\/media?parent=4699"}],"curies":[{"name":"wp","href":"https:\/\/api.w.org\/{rel}","templated":true}]}}