{"id":4697,"date":"2015-05-15T12:40:48","date_gmt":"2015-05-15T17:40:48","guid":{"rendered":"http:\/\/shalouka.com\/produit\/tpm358-polo-pique-performant\/"},"modified":"2015-05-15T12:46:21","modified_gmt":"2015-05-15T17:46:21","slug":"72800-polo-dryblend-en-double-pique","status":"publish","type":"product","link":"https:\/\/shalouka.com\/fr\/produit\/72800-polo-dryblend-en-double-pique\/","title":{"rendered":"72800 &#8211; Polo Dryblend en double piqu\u00e9"},"content":{"rendered":"<p><span id=\"ctl00_m_g_27a8ba05_116b_47db_a09c_4da75153a324_ctl01_ItemDesc\"><span id=\"ctl00_m_g_27a8ba05_116b_47db_a09c_4da75153a324_ctl01_ItemDesc_LabelProductText\">65% Polyester\/35% Coton fil\u00e9 \u00e0 l\u2019anneau coton double piqu\u00e9 pr\u00e9r\u00e9tr\u00e9ci 10,5 oz. Tissu qui absorbe l\u2019humidit\u00e9. Couture lat\u00e9rale avec ouvertures \u00e0 la taille. Col et poignets contour\u00e9s. Transfert thermique de l\u2019\u00e9tiquette. Plaquette renforc\u00e9e garnie de 3 boutons. Col et manches contour\u00e9s d\u2019un passepoil. Double coutures aux manches et \u00e0 la base. <\/span> <\/span><\/p>","protected":false},"excerpt":{"rendered":"<p>65% Polyester\/35% Coton fil\u00e9 \u00e0 l\u2019anneau coton double piqu\u00e9 pr\u00e9r\u00e9tr\u00e9ci 10,5 oz. Tissu qui absorbe l\u2019humidit\u00e9. Couture lat\u00e9rale avec ouvertures \u00e0 la taille. Col et poignets contour\u00e9s. Transfert thermique de l\u2019\u00e9tiquette. Plaquette renforc\u00e9e garnie de 3 boutons. Col et manches contour\u00e9s d\u2019un passepoil. Double coutures aux manches et \u00e0 la base.<\/p>\n","protected":false},"featured_media":4703,"template":"","meta":[],"class_list":{"0":"post-4697","1":"product","2":"type-product","3":"status-publish","4":"has-post-thumbnail","6":"product_cat-vetements","7":"product_cat-gildan","8":"product_cat-manche-courte","9":"product_cat-polo","10":"product_cat-performance","11":"product_cat-homme","12":"pa_couleur-blanc","13":"pa_couleur-bleu-pale","14":"pa_couleur-charbon","15":"pa_couleur-vert-foret","16":"pa_couleur-marine","17":"pa_couleur-marron","18":"pa_couleur-mauve","19":"pa_couleur-noir","20":"pa_couleur-orange-securite","21":"pa_couleur-rouge","22":"pa_couleur-royal","23":"pa_couleur-gris-sport","24":"pa_couleur-vert-securite","25":"pa_grandeur-3xl","26":"pa_grandeur-l","27":"pa_grandeur-m","28":"pa_grandeur-s","29":"pa_grandeur-xl","30":"pa_grandeur-xxl","32":"first","33":"instock","34":"shipping-taxable","35":"purchasable","36":"product-type-variable"},"aioseo_notices":[],"_links":{"self":[{"href":"https:\/\/shalouka.com\/fr\/wp-json\/wp\/v2\/product\/4697","targetHints":{"allow":["GET"]}}],"collection":[{"href":"https:\/\/shalouka.com\/fr\/wp-json\/wp\/v2\/product"}],"about":[{"href":"https:\/\/shalouka.com\/fr\/wp-json\/wp\/v2\/types\/product"}],"wp:featuredmedia":[{"embeddable":true,"href":"https:\/\/shalouka.com\/fr\/wp-json\/wp\/v2\/media\/4703"}],"wp:attachment":[{"href":"https:\/\/shalouka.com\/fr\/wp-json\/wp\/v2\/media?parent=4697"}],"curies":[{"name":"wp","href":"https:\/\/api.w.org\/{rel}","templated":true}]}}