{"id":4691,"date":"2015-05-15T12:19:41","date_gmt":"2015-05-15T17:19:41","guid":{"rendered":"http:\/\/shalouka.com\/produit\/2400-t-shirt-a-manches-longues-2\/"},"modified":"2015-05-15T12:26:53","modified_gmt":"2015-05-15T17:26:53","slug":"2200-camisole","status":"publish","type":"product","link":"https:\/\/shalouka.com\/fr\/produit\/2200-camisole\/","title":{"rendered":"2200 &#8211; Camisole"},"content":{"rendered":"<p><span id=\"ctl00_m_g_27a8ba05_116b_47db_a09c_4da75153a324_ctl01_ItemDesc\"><span id=\"ctl00_m_g_27a8ba05_116b_47db_a09c_4da75153a324_ctl01_ItemDesc_LabelProductText\">100% Coton pr\u00e9r\u00e9tr\u00e9ci, 10.1 oz.\u00a0 Bande surpiqu\u00e9e \u00e0 l\u2019encolure et aux emmanchures. Surpiq\u00fbres \u00e0 la taille. Tissu tourn\u00e9 d\u2019un quart de tour. (sport grey 10% polyester)<\/span><\/span><\/p>","protected":false},"excerpt":{"rendered":"<p>100% Coton pr\u00e9r\u00e9tr\u00e9ci, 10.1 oz.\u00a0 Bande surpiqu\u00e9e \u00e0 l\u2019encolure et aux emmanchures. Surpiq\u00fbres \u00e0 la taille. Tissu tourn\u00e9 d\u2019un quart de tour. (sport grey 10% polyester)<\/p>\n","protected":false},"featured_media":4693,"template":"","meta":[],"class_list":{"0":"post-4691","1":"product","2":"type-product","3":"status-publish","4":"has-post-thumbnail","6":"product_cat-vetements","7":"product_cat-sans-manche","8":"product_cat-gildan","9":"product_cat-performance","10":"product_cat-homme","11":"pa_couleur-blanc","12":"pa_couleur-marine","13":"pa_couleur-noir","14":"pa_couleur-rouge","15":"pa_couleur-royal","16":"pa_couleur-gris-sport","17":"pa_grandeur-l","18":"pa_grandeur-m","19":"pa_grandeur-s","20":"pa_grandeur-xl","21":"pa_grandeur-xxl","23":"first","24":"instock","25":"shipping-taxable","26":"purchasable","27":"product-type-variable"},"aioseo_notices":[],"_links":{"self":[{"href":"https:\/\/shalouka.com\/fr\/wp-json\/wp\/v2\/product\/4691","targetHints":{"allow":["GET"]}}],"collection":[{"href":"https:\/\/shalouka.com\/fr\/wp-json\/wp\/v2\/product"}],"about":[{"href":"https:\/\/shalouka.com\/fr\/wp-json\/wp\/v2\/types\/product"}],"wp:featuredmedia":[{"embeddable":true,"href":"https:\/\/shalouka.com\/fr\/wp-json\/wp\/v2\/media\/4693"}],"wp:attachment":[{"href":"https:\/\/shalouka.com\/fr\/wp-json\/wp\/v2\/media?parent=4691"}],"curies":[{"name":"wp","href":"https:\/\/api.w.org\/{rel}","templated":true}]}}