{"id":4662,"date":"2015-05-15T10:48:09","date_gmt":"2015-05-15T15:48:09","guid":{"rendered":"http:\/\/shalouka.com\/produit\/casquette-ff6277\/"},"modified":"2015-05-15T11:27:28","modified_gmt":"2015-05-15T16:27:28","slug":"casquette-ff110f","status":"publish","type":"product","link":"https:\/\/shalouka.com\/fr\/produit\/casquette-ff110f\/","title":{"rendered":"Casquette FF110F"},"content":{"rendered":"<p><span id=\"ctl00_m_g_27a8ba05_116b_47db_a09c_4da75153a324_ctl01_ItemDesc\"><span id=\"ctl00_m_g_27a8ba05_116b_47db_a09c_4da75153a324_ctl01_ItemDesc_LabelProductText\">83% acrylique\/15% laine\/2% spandex, Casquette m\u00e9lange de laine \u00ab flat bill \u00bb avec attache arri\u00e8re ajust\u00e9e, Structure \u00e9lev\u00e9e, Couronne 3 3\/4\u201d, 6 panneaux, Palette plate, Technologie FLEXFIT, Grandeur unique<\/span><\/span><\/p>\n","protected":false},"excerpt":{"rendered":"<p>83% acrylique\/15% laine\/2% spandex, Casquette m\u00e9lange de laine \u00ab flat bill \u00bb avec attache arri\u00e8re ajust\u00e9e, Structure \u00e9lev\u00e9e, Couronne 3 3\/4\u201d, 6 panneaux, Palette plate, Technologie FLEXFIT, Grandeur unique<\/p>\n","protected":false},"featured_media":4686,"template":"","meta":[],"class_list":{"0":"post-4662","1":"product","2":"type-product","3":"status-publish","4":"has-post-thumbnail","6":"product_cat-vetements","7":"product_cat-tuque-et-casquette","8":"pa_couleur-azure","9":"pa_couleur-ff110f-noir","10":"pa_couleur-ff110f-noirgris","12":"first","13":"instock","14":"shipping-taxable","15":"product-type-variable"},"aioseo_notices":[],"_links":{"self":[{"href":"https:\/\/shalouka.com\/fr\/wp-json\/wp\/v2\/product\/4662","targetHints":{"allow":["GET"]}}],"collection":[{"href":"https:\/\/shalouka.com\/fr\/wp-json\/wp\/v2\/product"}],"about":[{"href":"https:\/\/shalouka.com\/fr\/wp-json\/wp\/v2\/types\/product"}],"wp:featuredmedia":[{"embeddable":true,"href":"https:\/\/shalouka.com\/fr\/wp-json\/wp\/v2\/media\/4686"}],"wp:attachment":[{"href":"https:\/\/shalouka.com\/fr\/wp-json\/wp\/v2\/media?parent=4662"}],"curies":[{"name":"wp","href":"https:\/\/api.w.org\/{rel}","templated":true}]}}