{"id":4647,"date":"2015-05-13T20:20:36","date_gmt":"2015-05-14T01:20:36","guid":{"rendered":"http:\/\/shalouka.com\/produit\/b812-legging-pour-femme\/"},"modified":"2015-05-13T20:25:34","modified_gmt":"2015-05-14T01:25:34","slug":"b810-pantalon-dentrainement-coton-spandex","status":"publish","type":"product","link":"https:\/\/shalouka.com\/fr\/produit\/b812-legging-pour-femme-2\/","title":{"rendered":"B810 &#8211; Pantalon d&#8217;entra\u00eenement coton spandex"},"content":{"rendered":"<p>87% cotonpeign\u00e9 et fil\u00e9 \u00e0 l\u2019anneau, 13% spandex, 13.3 oz Pantalon d\u2019entra\u00eenement pr\u00e9r\u00e9tr\u00e9ci et blanchi. Coupe ajust\u00e9e avec ouverture \u00e0 la jambe l\u00e9g\u00e8rement \u00e9vas\u00e9e. Couture \u00e0 points couvrants 2 1\/2\u201d. Ceinture mont\u00e9e deux-pi\u00e8ces avec \u00e9lastique. Bas ourl\u00e9 par une couture \u00e0 points couvrants 1\u201d. Coupe ajurst\u00e9e. Couture lat\u00e9rale.<\/p>","protected":false},"excerpt":{"rendered":"<p>87% cotonpeign\u00e9 et fil\u00e9 \u00e0 l\u2019anneau, 13% spandex, 13.3 oz Pantalon d\u2019entra\u00eenement pr\u00e9r\u00e9tr\u00e9ci et blanchi. Coupe ajust\u00e9e avec ouverture \u00e0 la jambe l\u00e9g\u00e8rement \u00e9vas\u00e9e. Couture \u00e0 points couvrants 2 1\/2\u201d. Ceinture mont\u00e9e deux-pi\u00e8ces avec \u00e9lastique. Bas ourl\u00e9 par une couture \u00e0 points couvrants 1\u201d. Coupe ajurst\u00e9e. Couture lat\u00e9rale.<\/p>\n","protected":false},"featured_media":4649,"template":"","meta":[],"class_list":{"0":"post-4647","1":"product","2":"type-product","3":"status-publish","4":"has-post-thumbnail","6":"product_cat-vetements","7":"product_cat-bella-canvas","8":"product_cat-pantalons","9":"product_cat-femme","10":"pa_couleur-noir","11":"pa_grandeur-l","12":"pa_grandeur-m","13":"pa_grandeur-s","14":"pa_grandeur-xl","16":"first","17":"instock","18":"shipping-taxable","19":"purchasable","20":"product-type-variable"},"aioseo_notices":[],"_links":{"self":[{"href":"https:\/\/shalouka.com\/fr\/wp-json\/wp\/v2\/product\/4647","targetHints":{"allow":["GET"]}}],"collection":[{"href":"https:\/\/shalouka.com\/fr\/wp-json\/wp\/v2\/product"}],"about":[{"href":"https:\/\/shalouka.com\/fr\/wp-json\/wp\/v2\/types\/product"}],"wp:featuredmedia":[{"embeddable":true,"href":"https:\/\/shalouka.com\/fr\/wp-json\/wp\/v2\/media\/4649"}],"wp:attachment":[{"href":"https:\/\/shalouka.com\/fr\/wp-json\/wp\/v2\/media?parent=4647"}],"curies":[{"name":"wp","href":"https:\/\/api.w.org\/{rel}","templated":true}]}}