{"id":4644,"date":"2015-05-13T20:12:50","date_gmt":"2015-05-14T01:12:50","guid":{"rendered":"http:\/\/shalouka.com\/produit\/b812-legging-pour-femme\/"},"modified":"2015-05-13T20:18:57","modified_gmt":"2015-05-14T01:18:57","slug":"b812-legging-pour-femme","status":"publish","type":"product","link":"https:\/\/shalouka.com\/fr\/produit\/b812-legging-pour-femme\/","title":{"rendered":"B812 &#8211; Legging pour femme"},"content":{"rendered":"<p>95% Coton peign\u00e9 et file \u00e0 l\u2019anneau, 5% spandex, 30 single 8,8 oz. Bande \u00e9lastique, pas de couture sur le c\u00f4t\u00e9. Un incontournable dans sa garde robe.<\/p>","protected":false},"excerpt":{"rendered":"<p>95% Coton peign\u00e9 et file \u00e0 l\u2019anneau, 5% spandex, 30 single 8,8 oz. Bande \u00e9lastique, pas de couture sur le c\u00f4t\u00e9. Un incontournable dans sa garde robe.<\/p>\n","protected":false},"featured_media":4646,"template":"","meta":[],"class_list":{"0":"post-4644","1":"product","2":"type-product","3":"status-publish","4":"has-post-thumbnail","6":"product_cat-vetements","7":"product_cat-bella-canvas","8":"product_cat-pantalons","9":"product_cat-femme","10":"pa_couleur-noir","11":"pa_grandeur-l","12":"pa_grandeur-m","13":"pa_grandeur-s","14":"pa_grandeur-xl","16":"first","17":"instock","18":"shipping-taxable","19":"purchasable","20":"product-type-variable"},"aioseo_notices":[],"_links":{"self":[{"href":"https:\/\/shalouka.com\/fr\/wp-json\/wp\/v2\/product\/4644","targetHints":{"allow":["GET"]}}],"collection":[{"href":"https:\/\/shalouka.com\/fr\/wp-json\/wp\/v2\/product"}],"about":[{"href":"https:\/\/shalouka.com\/fr\/wp-json\/wp\/v2\/types\/product"}],"wp:featuredmedia":[{"embeddable":true,"href":"https:\/\/shalouka.com\/fr\/wp-json\/wp\/v2\/media\/4646"}],"wp:attachment":[{"href":"https:\/\/shalouka.com\/fr\/wp-json\/wp\/v2\/media?parent=4644"}],"curies":[{"name":"wp","href":"https:\/\/api.w.org\/{rel}","templated":true}]}}