{"id":4558,"date":"2014-10-04T22:07:53","date_gmt":"2014-10-05T03:07:53","guid":{"rendered":"http:\/\/shalouka.com\/?post_type=product&#038;p=4558"},"modified":"2015-08-05T13:47:16","modified_gmt":"2015-08-05T18:47:16","slug":"signature-031","status":"publish","type":"product","link":"https:\/\/shalouka.com\/fr\/produit\/signature-031\/","title":{"rendered":"Signature 031"},"content":{"rendered":"<p>Chandail de finissant avec signatures pour l&#8217;\u00e9cole secondaire B\u00e9atrice-Desloges (mod\u00e8le 31)<\/p>","protected":false},"excerpt":{"rendered":"<p>Chandail de finissant avec signatures pour l&#8217;\u00e9cole secondaire B\u00e9atrice-Desloges (mod\u00e8le 31)<\/p>\n","protected":false},"featured_media":4572,"template":"","meta":[],"class_list":{"0":"post-4558","1":"product","2":"type-product","3":"status-publish","4":"has-post-thumbnail","6":"product_cat-finissant","7":"product_cat-combo","8":"product_cat-signatures","9":"product_cat-design-decole","11":"first","12":"instock","13":"shipping-taxable","14":"product-type-simple"},"aioseo_notices":[],"_links":{"self":[{"href":"https:\/\/shalouka.com\/fr\/wp-json\/wp\/v2\/product\/4558","targetHints":{"allow":["GET"]}}],"collection":[{"href":"https:\/\/shalouka.com\/fr\/wp-json\/wp\/v2\/product"}],"about":[{"href":"https:\/\/shalouka.com\/fr\/wp-json\/wp\/v2\/types\/product"}],"wp:featuredmedia":[{"embeddable":true,"href":"https:\/\/shalouka.com\/fr\/wp-json\/wp\/v2\/media\/4572"}],"wp:attachment":[{"href":"https:\/\/shalouka.com\/fr\/wp-json\/wp\/v2\/media?parent=4558"}],"curies":[{"name":"wp","href":"https:\/\/api.w.org\/{rel}","templated":true}]}}