{"id":4541,"date":"2014-10-04T21:40:20","date_gmt":"2014-10-05T02:40:20","guid":{"rendered":"http:\/\/shalouka.com\/?post_type=product&#038;p=4541"},"modified":"2015-08-05T13:47:43","modified_gmt":"2015-08-05T18:47:43","slug":"pantalon-24","status":"publish","type":"product","link":"https:\/\/shalouka.com\/fr\/produit\/pantalon-24\/","title":{"rendered":"Pantalon 24"},"content":{"rendered":"<p>Pantalon de finissant pour l&#8217;\u00e9cole secondaire Grande-Rivi\u00e8re (ESGR) (mod\u00e8le 24)<\/p>","protected":false},"excerpt":{"rendered":"<p>Pantalon de finissant pour l&#8217;\u00e9cole secondaire Grande-Rivi\u00e8re (ESGR) (mod\u00e8le 24)<\/p>\n","protected":false},"featured_media":4552,"template":"","meta":[],"class_list":{"0":"post-4541","1":"product","2":"type-product","3":"status-publish","4":"has-post-thumbnail","6":"product_cat-finissant","7":"product_cat-pantalon","9":"first","10":"instock","11":"shipping-taxable","12":"product-type-simple"},"aioseo_notices":[],"_links":{"self":[{"href":"https:\/\/shalouka.com\/fr\/wp-json\/wp\/v2\/product\/4541","targetHints":{"allow":["GET"]}}],"collection":[{"href":"https:\/\/shalouka.com\/fr\/wp-json\/wp\/v2\/product"}],"about":[{"href":"https:\/\/shalouka.com\/fr\/wp-json\/wp\/v2\/types\/product"}],"wp:featuredmedia":[{"embeddable":true,"href":"https:\/\/shalouka.com\/fr\/wp-json\/wp\/v2\/media\/4552"}],"wp:attachment":[{"href":"https:\/\/shalouka.com\/fr\/wp-json\/wp\/v2\/media?parent=4541"}],"curies":[{"name":"wp","href":"https:\/\/api.w.org\/{rel}","templated":true}]}}