{"id":4397,"date":"2014-10-04T15:25:22","date_gmt":"2014-10-04T20:25:22","guid":{"rendered":"http:\/\/shalouka.com\/?post_type=product&#038;p=4397"},"modified":"2015-09-14T10:22:54","modified_gmt":"2015-09-14T15:22:54","slug":"applique-33","status":"publish","type":"product","link":"https:\/\/shalouka.com\/fr\/produit\/applique-033\/","title":{"rendered":"Appliqu\u00e9 033"},"content":{"rendered":"<p>Chandail de finissant de l&#8217;\u00e9cole secondaire Grande-Rivi\u00e8re (ESGR)<br \/>\nDevant : Double appliqu\u00e9 de jersey avec broderie (largeur 10 1\/2&#8243;)<br \/>\nDos: S\u00e9rigraphie (largeur 10&#8243;)<\/p>","protected":false},"excerpt":{"rendered":"<p>Chandail de finissant de l&#8217;\u00e9cole secondaire Grande-Rivi\u00e8re (ESGR) Devant : Double appliqu\u00e9 de jersey avec broderie (largeur 10 1\/2&#8243;) Dos: S\u00e9rigraphie (largeur 10&#8243;)<\/p>\n","protected":false},"featured_media":4423,"template":"","meta":[],"class_list":{"0":"post-4397","1":"product","2":"type-product","3":"status-publish","4":"has-post-thumbnail","6":"product_cat-appliques","7":"product_cat-combo","9":"first","10":"instock","11":"shipping-taxable","12":"product-type-simple"},"aioseo_notices":[],"_links":{"self":[{"href":"https:\/\/shalouka.com\/fr\/wp-json\/wp\/v2\/product\/4397","targetHints":{"allow":["GET"]}}],"collection":[{"href":"https:\/\/shalouka.com\/fr\/wp-json\/wp\/v2\/product"}],"about":[{"href":"https:\/\/shalouka.com\/fr\/wp-json\/wp\/v2\/types\/product"}],"wp:featuredmedia":[{"embeddable":true,"href":"https:\/\/shalouka.com\/fr\/wp-json\/wp\/v2\/media\/4423"}],"wp:attachment":[{"href":"https:\/\/shalouka.com\/fr\/wp-json\/wp\/v2\/media?parent=4397"}],"curies":[{"name":"wp","href":"https:\/\/api.w.org\/{rel}","templated":true}]}}