{"id":4396,"date":"2014-10-04T15:25:28","date_gmt":"2014-10-04T20:25:28","guid":{"rendered":"http:\/\/shalouka.com\/?post_type=product&#038;p=4396"},"modified":"2015-09-14T10:22:39","modified_gmt":"2015-09-14T15:22:39","slug":"applique-32","status":"publish","type":"product","link":"https:\/\/shalouka.com\/fr\/produit\/applique-032\/","title":{"rendered":"Appliqu\u00e9 032"},"content":{"rendered":"<p>Chandail de finissant pour Westwood<br \/>\nDevant : Double appliqu\u00e9 de feutre \u00e9cru et bordeau avec s\u00e9rigraphie en arri\u00e8re-plan (largeur 12 \u00be&#8221;)<br \/>\nDos : S\u00e9rigraphie (largeur 12&#8243;)<\/p>","protected":false},"excerpt":{"rendered":"<p>Chandail de finissant pour Westwood Devant : Double appliqu\u00e9 de feutre \u00e9cru et bordeau avec s\u00e9rigraphie en arri\u00e8re-plan (largeur 12 \u00be&#8221;) Dos : S\u00e9rigraphie (largeur 12&#8243;)<\/p>\n","protected":false},"featured_media":4420,"template":"","meta":[],"class_list":{"0":"post-4396","1":"product","2":"type-product","3":"status-publish","4":"has-post-thumbnail","6":"product_cat-appliques","7":"product_cat-combo","9":"first","10":"instock","11":"shipping-taxable","12":"product-type-simple"},"aioseo_notices":[],"_links":{"self":[{"href":"https:\/\/shalouka.com\/fr\/wp-json\/wp\/v2\/product\/4396","targetHints":{"allow":["GET"]}}],"collection":[{"href":"https:\/\/shalouka.com\/fr\/wp-json\/wp\/v2\/product"}],"about":[{"href":"https:\/\/shalouka.com\/fr\/wp-json\/wp\/v2\/types\/product"}],"wp:featuredmedia":[{"embeddable":true,"href":"https:\/\/shalouka.com\/fr\/wp-json\/wp\/v2\/media\/4420"}],"wp:attachment":[{"href":"https:\/\/shalouka.com\/fr\/wp-json\/wp\/v2\/media?parent=4396"}],"curies":[{"name":"wp","href":"https:\/\/api.w.org\/{rel}","templated":true}]}}