{"id":4394,"date":"2014-10-04T15:25:40","date_gmt":"2014-10-04T20:25:40","guid":{"rendered":"http:\/\/shalouka.com\/?post_type=product&#038;p=4394"},"modified":"2015-09-14T10:22:14","modified_gmt":"2015-09-14T15:22:14","slug":"applique-30","status":"publish","type":"product","link":"https:\/\/shalouka.com\/fr\/produit\/applique-030\/","title":{"rendered":"Appliqu\u00e9 030"},"content":{"rendered":"<p>Chandail de finissant pour le lyc\u00e9e Claudel<br \/>\nDevant : Appliqu\u00e9 double de feutre rouge sur twill blanc (largeur 11&#8243;)<br \/>\nDos : S\u00e9rigraphie (largeur 10&#8243;)<\/p>","protected":false},"excerpt":{"rendered":"<p>Chandail de finissant pour le lyc\u00e9e Claudel Devant : Appliqu\u00e9 double de feutre rouge sur twill blanc (largeur 11&#8243;) Dos : S\u00e9rigraphie (largeur 10&#8243;)<\/p>\n","protected":false},"featured_media":4418,"template":"","meta":[],"class_list":{"0":"post-4394","1":"product","2":"type-product","3":"status-publish","4":"has-post-thumbnail","6":"product_cat-appliques","7":"product_cat-combo","9":"first","10":"instock","11":"shipping-taxable","12":"product-type-simple"},"aioseo_notices":[],"_links":{"self":[{"href":"https:\/\/shalouka.com\/fr\/wp-json\/wp\/v2\/product\/4394","targetHints":{"allow":["GET"]}}],"collection":[{"href":"https:\/\/shalouka.com\/fr\/wp-json\/wp\/v2\/product"}],"about":[{"href":"https:\/\/shalouka.com\/fr\/wp-json\/wp\/v2\/types\/product"}],"wp:featuredmedia":[{"embeddable":true,"href":"https:\/\/shalouka.com\/fr\/wp-json\/wp\/v2\/media\/4418"}],"wp:attachment":[{"href":"https:\/\/shalouka.com\/fr\/wp-json\/wp\/v2\/media?parent=4394"}],"curies":[{"name":"wp","href":"https:\/\/api.w.org\/{rel}","templated":true}]}}