{"id":4390,"date":"2014-10-04T15:25:55","date_gmt":"2014-10-04T20:25:55","guid":{"rendered":"http:\/\/shalouka.com\/?post_type=product&#038;p=4390"},"modified":"2015-09-14T10:21:04","modified_gmt":"2015-09-14T15:21:04","slug":"applique-26","status":"publish","type":"product","link":"https:\/\/shalouka.com\/fr\/produit\/applique-026\/","title":{"rendered":"Appliqu\u00e9 026"},"content":{"rendered":"<p>Chandail de finissant pour l&#8217;universit\u00e9 McGill<br \/>\nDouble feutre et appliqu\u00e9 jersey \u00e9cru (largeur 13&#8243;)<\/p>","protected":false},"excerpt":{"rendered":"<p>Chandail de finissant pour l&#8217;universit\u00e9 McGill Double feutre et appliqu\u00e9 jersey \u00e9cru (largeur 13&#8243;)<\/p>\n","protected":false},"featured_media":4414,"template":"","meta":[],"class_list":{"0":"post-4390","1":"product","2":"type-product","3":"status-publish","4":"has-post-thumbnail","6":"product_cat-appliques","8":"first","9":"instock","10":"shipping-taxable","11":"product-type-simple"},"aioseo_notices":[],"_links":{"self":[{"href":"https:\/\/shalouka.com\/fr\/wp-json\/wp\/v2\/product\/4390","targetHints":{"allow":["GET"]}}],"collection":[{"href":"https:\/\/shalouka.com\/fr\/wp-json\/wp\/v2\/product"}],"about":[{"href":"https:\/\/shalouka.com\/fr\/wp-json\/wp\/v2\/types\/product"}],"wp:featuredmedia":[{"embeddable":true,"href":"https:\/\/shalouka.com\/fr\/wp-json\/wp\/v2\/media\/4414"}],"wp:attachment":[{"href":"https:\/\/shalouka.com\/fr\/wp-json\/wp\/v2\/media?parent=4390"}],"curies":[{"name":"wp","href":"https:\/\/api.w.org\/{rel}","templated":true}]}}