{"id":4382,"date":"2014-10-04T13:22:19","date_gmt":"2014-10-04T18:22:19","guid":{"rendered":"http:\/\/shalouka.com\/?post_type=product&#038;p=4382"},"modified":"2015-09-14T10:26:07","modified_gmt":"2015-09-14T15:26:07","slug":"applique-25","status":"publish","type":"product","link":"https:\/\/shalouka.com\/fr\/produit\/applique-025\/","title":{"rendered":"Appliqu\u00e9 025"},"content":{"rendered":"<p>Chandail de finissant pour l&#8217;universit\u00e9 McGill<br \/>\nDevant : Appliqu\u00e9 de feutre simple et imprim\u00e9 (largeur = 12&#8243;)<br \/>\nCapuchon : Imprim\u00e9 (largeur = 2 \u00bd&#8221;)<\/p>","protected":false},"excerpt":{"rendered":"<p>Chandail de finissant pour l&#8217;universit\u00e9 McGill Devant : Appliqu\u00e9 de feutre simple et imprim\u00e9 (largeur = 12&#8243;) Capuchon : Imprim\u00e9 (largeur = 2 \u00bd&#8221;)<\/p>\n","protected":false},"featured_media":4432,"template":"","meta":[],"class_list":{"0":"post-4382","1":"product","2":"type-product","3":"status-publish","4":"has-post-thumbnail","6":"product_cat-appliques","8":"first","9":"instock","10":"shipping-taxable","11":"product-type-simple"},"aioseo_notices":[],"_links":{"self":[{"href":"https:\/\/shalouka.com\/fr\/wp-json\/wp\/v2\/product\/4382","targetHints":{"allow":["GET"]}}],"collection":[{"href":"https:\/\/shalouka.com\/fr\/wp-json\/wp\/v2\/product"}],"about":[{"href":"https:\/\/shalouka.com\/fr\/wp-json\/wp\/v2\/types\/product"}],"wp:featuredmedia":[{"embeddable":true,"href":"https:\/\/shalouka.com\/fr\/wp-json\/wp\/v2\/media\/4432"}],"wp:attachment":[{"href":"https:\/\/shalouka.com\/fr\/wp-json\/wp\/v2\/media?parent=4382"}],"curies":[{"name":"wp","href":"https:\/\/api.w.org\/{rel}","templated":true}]}}