{"id":4378,"date":"2014-10-04T13:55:00","date_gmt":"2014-10-04T18:55:00","guid":{"rendered":"http:\/\/shalouka.com\/?post_type=product&#038;p=4378"},"modified":"2015-09-14T10:25:06","modified_gmt":"2015-09-14T15:25:06","slug":"applique-20","status":"publish","type":"product","link":"https:\/\/shalouka.com\/fr\/produit\/applique-020\/","title":{"rendered":"Appliqu\u00e9 020"},"content":{"rendered":"<p>Chandail de finissant pour le coll\u00e8ge St-Louis<br \/>\nDevant : Double appliqu\u00e9 de feutre souple noir et jersey rouge avec broderie (largeur 12&#8243;)<br \/>\nDos : S\u00e9rigraphie vintage (largeur 12&#8243;)<\/p>","protected":false},"excerpt":{"rendered":"<p>Chandail de finissant pour le coll\u00e8ge St-Louis Devant : Double appliqu\u00e9 de feutre souple noir et jersey rouge avec broderie (largeur 12&#8243;) Dos : S\u00e9rigraphie vintage (largeur 12&#8243;)<\/p>\n","protected":false},"featured_media":4427,"template":"","meta":[],"class_list":{"0":"post-4378","1":"product","2":"type-product","3":"status-publish","4":"has-post-thumbnail","6":"product_cat-appliques","7":"product_cat-combo","9":"first","10":"instock","11":"shipping-taxable","12":"product-type-simple"},"aioseo_notices":[],"_links":{"self":[{"href":"https:\/\/shalouka.com\/fr\/wp-json\/wp\/v2\/product\/4378","targetHints":{"allow":["GET"]}}],"collection":[{"href":"https:\/\/shalouka.com\/fr\/wp-json\/wp\/v2\/product"}],"about":[{"href":"https:\/\/shalouka.com\/fr\/wp-json\/wp\/v2\/types\/product"}],"wp:featuredmedia":[{"embeddable":true,"href":"https:\/\/shalouka.com\/fr\/wp-json\/wp\/v2\/media\/4427"}],"wp:attachment":[{"href":"https:\/\/shalouka.com\/fr\/wp-json\/wp\/v2\/media?parent=4378"}],"curies":[{"name":"wp","href":"https:\/\/api.w.org\/{rel}","templated":true}]}}