{"id":4352,"date":"2014-10-04T13:26:25","date_gmt":"2014-10-04T18:26:25","guid":{"rendered":"http:\/\/shalouka.com\/?post_type=product&#038;p=4352"},"modified":"2015-09-14T10:25:50","modified_gmt":"2015-09-14T15:25:50","slug":"applique-23","status":"publish","type":"product","link":"https:\/\/shalouka.com\/fr\/produit\/applique-023\/","title":{"rendered":"Appliqu\u00e9 023"},"content":{"rendered":"<p>Chandail de finissant pour La Ruche<br \/>\nDevant : Appliqu\u00e9 double twill Maize et blanc avec broderie et s\u00e9rigraphie vintage arri\u00e8re-plan (largeur 12&#8243;)<br \/>\nDos : S\u00e9rigraphie effet vintage (largeur 12&#8243;)<\/p>","protected":false},"excerpt":{"rendered":"<p>Chandail de finissant pour La Ruche Devant : Appliqu\u00e9 double twill Maize et blanc avec broderie et s\u00e9rigraphie vintage arri\u00e8re-plan (largeur 12&#8243;) Dos : S\u00e9rigraphie effet vintage (largeur 12&#8243;)<\/p>\n","protected":false},"featured_media":4431,"template":"","meta":[],"class_list":{"0":"post-4352","1":"product","2":"type-product","3":"status-publish","4":"has-post-thumbnail","6":"product_cat-appliques","7":"product_cat-combo","9":"first","10":"instock","11":"shipping-taxable","12":"product-type-simple"},"aioseo_notices":[],"_links":{"self":[{"href":"https:\/\/shalouka.com\/fr\/wp-json\/wp\/v2\/product\/4352","targetHints":{"allow":["GET"]}}],"collection":[{"href":"https:\/\/shalouka.com\/fr\/wp-json\/wp\/v2\/product"}],"about":[{"href":"https:\/\/shalouka.com\/fr\/wp-json\/wp\/v2\/types\/product"}],"wp:featuredmedia":[{"embeddable":true,"href":"https:\/\/shalouka.com\/fr\/wp-json\/wp\/v2\/media\/4431"}],"wp:attachment":[{"href":"https:\/\/shalouka.com\/fr\/wp-json\/wp\/v2\/media?parent=4352"}],"curies":[{"name":"wp","href":"https:\/\/api.w.org\/{rel}","templated":true}]}}