{"id":4348,"date":"2014-10-04T13:40:49","date_gmt":"2014-10-04T18:40:49","guid":{"rendered":"http:\/\/shalouka.com\/?post_type=product&#038;p=4348"},"modified":"2015-09-14T10:25:22","modified_gmt":"2015-09-14T15:25:22","slug":"applique-21","status":"publish","type":"product","link":"https:\/\/shalouka.com\/fr\/produit\/applique-021\/","title":{"rendered":"Appliqu\u00e9 021"},"content":{"rendered":"<p>Chandail de finissant pour l&#8217;\u00e9cole secondaire John Rennie<br \/>\nDevant : Appliqu\u00e9 simple de feutre souple ivoire avec broderie satin jaune autour et s\u00e9rigraphie effet vintage en arri\u00e8re-plan (largeur = 12 \u00bc&#8221;)<br \/>\nDos : s\u00e9rigraphie effet vintage (largeur = 12&#8243;)<\/p>","protected":false},"excerpt":{"rendered":"<p>Chandail de finissant pour l&#8217;\u00e9cole secondaire John Rennie Devant : Appliqu\u00e9 simple de feutre souple ivoire avec broderie satin jaune autour et s\u00e9rigraphie effet vintage en arri\u00e8re-plan (largeur = 12 \u00bc&#8221;) Dos : s\u00e9rigraphie effet vintage (largeur = 12&#8243;)<\/p>\n","protected":false},"featured_media":4428,"template":"","meta":[],"class_list":{"0":"post-4348","1":"product","2":"type-product","3":"status-publish","4":"has-post-thumbnail","6":"product_cat-appliques","7":"product_cat-combo","9":"first","10":"instock","11":"shipping-taxable","12":"product-type-simple"},"aioseo_notices":[],"_links":{"self":[{"href":"https:\/\/shalouka.com\/fr\/wp-json\/wp\/v2\/product\/4348","targetHints":{"allow":["GET"]}}],"collection":[{"href":"https:\/\/shalouka.com\/fr\/wp-json\/wp\/v2\/product"}],"about":[{"href":"https:\/\/shalouka.com\/fr\/wp-json\/wp\/v2\/types\/product"}],"wp:featuredmedia":[{"embeddable":true,"href":"https:\/\/shalouka.com\/fr\/wp-json\/wp\/v2\/media\/4428"}],"wp:attachment":[{"href":"https:\/\/shalouka.com\/fr\/wp-json\/wp\/v2\/media?parent=4348"}],"curies":[{"name":"wp","href":"https:\/\/api.w.org\/{rel}","templated":true}]}}