{"id":432,"date":"2012-10-28T16:30:06","date_gmt":"2012-10-28T16:30:06","guid":{"rendered":"http:\/\/www.shalouka.com\/shop\/soccer-6\/"},"modified":"2014-03-24T20:56:39","modified_gmt":"2014-03-25T00:56:39","slug":"soccer-6","status":"publish","type":"product","link":"https:\/\/shalouka.com\/fr\/produit\/soccer-6\/","title":{"rendered":"Soccer 6"},"content":{"rendered":"<p>Imprim\u00e9 carr\u00e9 avec une phrase cl\u00e9 et dessin de la mascotte repr\u00e9sentant l&#8217;\u00e9quipe tenant un ballon de soccer.<\/p>","protected":false},"excerpt":{"rendered":"<p>Imprim\u00e9 carr\u00e9 avec une phrase cl\u00e9 et dessin de la mascotte repr\u00e9sentant l&#8217;\u00e9quipe tenant un ballon de soccer.<\/p>\n","protected":false},"featured_media":2430,"template":"","meta":[],"class_list":{"0":"post-432","1":"product","2":"type-product","3":"status-publish","4":"has-post-thumbnail","6":"product_cat-sport","7":"product_cat-soccer","9":"first","10":"instock","11":"shipping-taxable","12":"product-type-simple"},"aioseo_notices":[],"_links":{"self":[{"href":"https:\/\/shalouka.com\/fr\/wp-json\/wp\/v2\/product\/432","targetHints":{"allow":["GET"]}}],"collection":[{"href":"https:\/\/shalouka.com\/fr\/wp-json\/wp\/v2\/product"}],"about":[{"href":"https:\/\/shalouka.com\/fr\/wp-json\/wp\/v2\/types\/product"}],"wp:featuredmedia":[{"embeddable":true,"href":"https:\/\/shalouka.com\/fr\/wp-json\/wp\/v2\/media\/2430"}],"wp:attachment":[{"href":"https:\/\/shalouka.com\/fr\/wp-json\/wp\/v2\/media?parent=432"}],"curies":[{"name":"wp","href":"https:\/\/api.w.org\/{rel}","templated":true}]}}