{"id":422,"date":"2012-10-28T16:28:44","date_gmt":"2012-10-28T16:28:44","guid":{"rendered":"http:\/\/www.shalouka.com\/shop\/soccer\/"},"modified":"2014-03-24T20:57:40","modified_gmt":"2014-03-25T00:57:40","slug":"soccer","status":"publish","type":"product","link":"https:\/\/shalouka.com\/fr\/produit\/soccer\/","title":{"rendered":"Soccer 1"},"content":{"rendered":"<p>Mascotte de l&#8217;\u00e9quipe dans un ballon de soccer au centre incluant l&#8217;ann\u00e9e et le nom de l&#8217;\u00e9quipe.<\/p>","protected":false},"excerpt":{"rendered":"<p>Mascotte de l&#8217;\u00e9quipe dans un ballon de soccer au centre incluant l&#8217;ann\u00e9e et le nom de l&#8217;\u00e9quipe.<\/p>\n","protected":false},"featured_media":2445,"template":"","meta":[],"class_list":{"0":"post-422","1":"product","2":"type-product","3":"status-publish","4":"has-post-thumbnail","6":"product_cat-sport","7":"product_cat-soccer","9":"first","10":"instock","11":"shipping-taxable","12":"product-type-simple"},"aioseo_notices":[],"_links":{"self":[{"href":"https:\/\/shalouka.com\/fr\/wp-json\/wp\/v2\/product\/422","targetHints":{"allow":["GET"]}}],"collection":[{"href":"https:\/\/shalouka.com\/fr\/wp-json\/wp\/v2\/product"}],"about":[{"href":"https:\/\/shalouka.com\/fr\/wp-json\/wp\/v2\/types\/product"}],"wp:featuredmedia":[{"embeddable":true,"href":"https:\/\/shalouka.com\/fr\/wp-json\/wp\/v2\/media\/2445"}],"wp:attachment":[{"href":"https:\/\/shalouka.com\/fr\/wp-json\/wp\/v2\/media?parent=422"}],"curies":[{"name":"wp","href":"https:\/\/api.w.org\/{rel}","templated":true}]}}