{"id":4203,"date":"2013-11-03T21:28:10","date_gmt":"2013-11-04T02:28:10","guid":{"rendered":"http:\/\/shalouka.com\/produit\/applique-17\/"},"modified":"2015-09-14T10:26:53","modified_gmt":"2015-09-14T15:26:53","slug":"applique-17","status":"publish","type":"product","link":"https:\/\/shalouka.com\/fr\/produit\/applique-017\/","title":{"rendered":"Appliqu\u00e9 017"},"content":{"rendered":"<p>Devant : Double appliqu\u00e9 de twill avec s\u00e9rigraphie en arri\u00e8re-plan (largeur = 12&#8243;) Dos : S\u00e9rigraphie (largeur = 12&#8243;) Front: Double applied twill with screen in the background (width = 12&#8243;) Back: Silkscreen (width = 12&#8243;)<\/p>\n","protected":false},"excerpt":{"rendered":"<p>Devant : Double appliqu\u00e9 de twill avec s\u00e9rigraphie en arri\u00e8re-plan (largeur = 12&#8243;) Dos : S\u00e9rigraphie (largeur = 12&#8243;) Front: Double applied twill with screen in the background (width = 12&#8243;) Back: Silkscreen (width = 12&#8243;)<\/p>\n","protected":false},"featured_media":4208,"template":"","meta":[],"class_list":{"0":"post-4203","1":"product","2":"type-product","3":"status-publish","4":"has-post-thumbnail","6":"product_cat-appliques","8":"first","9":"instock","10":"shipping-taxable","11":"product-type-simple"},"aioseo_notices":[],"_links":{"self":[{"href":"https:\/\/shalouka.com\/fr\/wp-json\/wp\/v2\/product\/4203","targetHints":{"allow":["GET"]}}],"collection":[{"href":"https:\/\/shalouka.com\/fr\/wp-json\/wp\/v2\/product"}],"about":[{"href":"https:\/\/shalouka.com\/fr\/wp-json\/wp\/v2\/types\/product"}],"wp:featuredmedia":[{"embeddable":true,"href":"https:\/\/shalouka.com\/fr\/wp-json\/wp\/v2\/media\/4208"}],"wp:attachment":[{"href":"https:\/\/shalouka.com\/fr\/wp-json\/wp\/v2\/media?parent=4203"}],"curies":[{"name":"wp","href":"https:\/\/api.w.org\/{rel}","templated":true}]}}