{"id":4200,"date":"2013-11-03T21:28:02","date_gmt":"2013-11-04T02:28:02","guid":{"rendered":"http:\/\/shalouka.com\/produit\/applique-14\/"},"modified":"2015-09-14T10:39:53","modified_gmt":"2015-09-14T15:39:53","slug":"applique-14","status":"publish","type":"product","link":"https:\/\/shalouka.com\/fr\/produit\/applique-014\/","title":{"rendered":"Appliqu\u00e9 014"},"content":{"rendered":"<p>Devant : double appliqu\u00e9 de twill jaune ma\u00efze et blanc avec s\u00e9rigraphie effet vintage en arri\u00e8re-plan (largeur = 12 1\/2&#8243;, hauteur = 6 3\/4&#8243;)<\/p>","protected":false},"excerpt":{"rendered":"<p>Devant : double appliqu\u00e9 de twill jaune ma\u00efze et blanc avec s\u00e9rigraphie effet vintage en arri\u00e8re-plan (largeur = 12 1\/2&#8243;, hauteur = 6 3\/4&#8243;)<\/p>\n","protected":false},"featured_media":4204,"template":"","meta":[],"class_list":{"0":"post-4200","1":"product","2":"type-product","3":"status-publish","4":"has-post-thumbnail","6":"product_cat-appliques","8":"first","9":"instock","10":"shipping-taxable","11":"product-type-simple"},"aioseo_notices":[],"_links":{"self":[{"href":"https:\/\/shalouka.com\/fr\/wp-json\/wp\/v2\/product\/4200","targetHints":{"allow":["GET"]}}],"collection":[{"href":"https:\/\/shalouka.com\/fr\/wp-json\/wp\/v2\/product"}],"about":[{"href":"https:\/\/shalouka.com\/fr\/wp-json\/wp\/v2\/types\/product"}],"wp:featuredmedia":[{"embeddable":true,"href":"https:\/\/shalouka.com\/fr\/wp-json\/wp\/v2\/media\/4204"}],"wp:attachment":[{"href":"https:\/\/shalouka.com\/fr\/wp-json\/wp\/v2\/media?parent=4200"}],"curies":[{"name":"wp","href":"https:\/\/api.w.org\/{rel}","templated":true}]}}