{"id":39,"date":"2012-09-27T05:31:53","date_gmt":"2012-09-27T05:31:53","guid":{"rendered":"http:\/\/studioteknik.ca\/shalouka\/?post_type=product&#038;p=39"},"modified":"2015-05-13T19:56:53","modified_gmt":"2015-05-14T00:56:53","slug":"t-shirt-enfant-en-cotton","status":"publish","type":"product","link":"https:\/\/shalouka.com\/fr\/produit\/2000b-t-shirt-enfant\/","title":{"rendered":"2000B &#8211; T-Shirt enfant"},"content":{"rendered":"<p>Jersey 100% coton pr\u00e9r\u00e9tr\u00e9ci. Double surpiq\u00fbre \u00e0 l\u2019encolure. Double piq\u00fbre aux ourlets des manches et de la taille. Col sans couture et bande de recouvrement d\u2019une \u00e9paule \u00e0 l\u2019autre. Tissu tourn\u00e9 d\u2019un quart de tour pour \u00e9liminer le pli central.<\/p>","protected":false},"excerpt":{"rendered":"<p>Jersey 100% coton pr\u00e9r\u00e9tr\u00e9ci. Double surpiq\u00fbre \u00e0 l\u2019encolure. Double piq\u00fbre aux ourlets des manches et de la taille. Col sans couture et bande de recouvrement d\u2019une \u00e9paule \u00e0 l\u2019autre. Tissu tourn\u00e9 d\u2019un quart de tour pour \u00e9liminer le pli central.<\/p>\n","protected":false},"featured_media":4641,"template":"","meta":[],"class_list":{"0":"post-39","1":"product","2":"type-product","3":"status-publish","4":"has-post-thumbnail","6":"product_cat-vetements","7":"product_cat-gildan","8":"product_cat-manche-courte","9":"product_cat-enfant","10":"pa_couleur-gris-cendre","11":"pa_couleur-blanc","12":"pa_couleur-bleu-carolina","13":"pa_couleur-bleu-pale","14":"pa_couleur-charbon","15":"pa_couleur-chocolat","16":"pa_couleur-vert-foret","17":"pa_couleur-indigo","18":"pa_couleur-vert-iris","19":"pa_couleur-jade-dome","20":"pa_couleur-lime","21":"pa_couleur-marguerite","22":"pa_couleur-marine","23":"pa_couleur-marron","24":"pa_couleur-mauve","25":"pa_couleur-noir","26":"pa_couleur-or","27":"pa_couleur-orange","28":"pa_couleur-orange-securite","29":"pa_couleur-rose-pale","30":"pa_couleur-rose-securite","31":"pa_couleur-rouge","32":"pa_couleur-rouge-cardinal","33":"pa_couleur-royal","34":"pa_couleur-sable","35":"pa_couleur-saphir","36":"pa_couleur-gris-sport","37":"pa_couleur-vert-kelly","38":"pa_couleur-vert-menthe","39":"pa_couleur-vert-securite","40":"pa_grandeur-l","41":"pa_grandeur-m","42":"pa_grandeur-s","43":"pa_grandeur-xl","44":"pa_grandeur-xs","46":"first","47":"instock","48":"shipping-taxable","49":"purchasable","50":"product-type-variable"},"aioseo_notices":[],"_links":{"self":[{"href":"https:\/\/shalouka.com\/fr\/wp-json\/wp\/v2\/product\/39","targetHints":{"allow":["GET"]}}],"collection":[{"href":"https:\/\/shalouka.com\/fr\/wp-json\/wp\/v2\/product"}],"about":[{"href":"https:\/\/shalouka.com\/fr\/wp-json\/wp\/v2\/types\/product"}],"wp:featuredmedia":[{"embeddable":true,"href":"https:\/\/shalouka.com\/fr\/wp-json\/wp\/v2\/media\/4641"}],"wp:attachment":[{"href":"https:\/\/shalouka.com\/fr\/wp-json\/wp\/v2\/media?parent=39"}],"curies":[{"name":"wp","href":"https:\/\/api.w.org\/{rel}","templated":true}]}}