{"id":3859,"date":"2013-07-15T12:20:36","date_gmt":"2013-07-15T16:20:36","guid":{"rendered":"http:\/\/shalouka.com\/shop\/applique-12\/"},"modified":"2015-09-14T10:31:15","modified_gmt":"2015-09-14T15:31:15","slug":"applique-12","status":"publish","type":"product","link":"https:\/\/shalouka.com\/fr\/produit\/applique-012\/","title":{"rendered":"Appliqu\u00e9 012"},"content":{"rendered":"<p>Devant : Double appliqu\u00e9 de twill cyan et blanc avec s\u00e9rigraphie effet vintage en arri\u00e8re-plan (largeur = 13&#8243;, hauteur = 7 1\/2&#8243;)<\/p>\n<p>Manche gauche : S\u00e9rigraphie (largeur = 12&#8243;, hauteur = 1 3\/4&#8243;)<\/p>","protected":false},"excerpt":{"rendered":"<p>Devant : Double appliqu\u00e9 de twill cyan et blanc avec s\u00e9rigraphie effet vintage en arri\u00e8re-plan (largeur = 13&#8243;, hauteur = 7 1\/2&#8243;) Manche gauche : S\u00e9rigraphie (largeur = 12&#8243;, hauteur = 1 3\/4&#8243;)<\/p>\n","protected":false},"featured_media":3862,"template":"","meta":[],"class_list":{"0":"post-3859","1":"product","2":"type-product","3":"status-publish","4":"has-post-thumbnail","6":"product_cat-appliques","8":"first","9":"instock","10":"shipping-taxable","11":"product-type-simple"},"aioseo_notices":[],"_links":{"self":[{"href":"https:\/\/shalouka.com\/fr\/wp-json\/wp\/v2\/product\/3859","targetHints":{"allow":["GET"]}}],"collection":[{"href":"https:\/\/shalouka.com\/fr\/wp-json\/wp\/v2\/product"}],"about":[{"href":"https:\/\/shalouka.com\/fr\/wp-json\/wp\/v2\/types\/product"}],"wp:featuredmedia":[{"embeddable":true,"href":"https:\/\/shalouka.com\/fr\/wp-json\/wp\/v2\/media\/3862"}],"wp:attachment":[{"href":"https:\/\/shalouka.com\/fr\/wp-json\/wp\/v2\/media?parent=3859"}],"curies":[{"name":"wp","href":"https:\/\/api.w.org\/{rel}","templated":true}]}}