{"id":3843,"date":"2013-07-15T12:14:32","date_gmt":"2013-07-15T16:14:32","guid":{"rendered":"http:\/\/shalouka.com\/shop\/applique-5\/"},"modified":"2015-09-14T10:32:48","modified_gmt":"2015-09-14T15:32:48","slug":"applique-5","status":"publish","type":"product","link":"https:\/\/shalouka.com\/fr\/produit\/applique-005\/","title":{"rendered":"Appliqu\u00e9 005"},"content":{"rendered":"<p>Devant : Appliqu\u00e9 de feutre avec couture en zig-zag et s\u00e9rigraphie en arri\u00e8re plan (largeur: 10 1\/2&#8243; \/hauteur: 7 1\/2&#8243;)<\/p>\n<p>Capuchon c\u00f4t\u00e9 droit: S\u00e9rigraphie (largeur: 2 1\/2&#8243; \/hauteur: 3&#8243;)<\/p>","protected":false},"excerpt":{"rendered":"<p>Devant : Appliqu\u00e9 de feutre avec couture en zig-zag et s\u00e9rigraphie en arri\u00e8re plan (largeur: 10 1\/2&#8243; \/hauteur: 7 1\/2&#8243;) Capuchon c\u00f4t\u00e9 droit: S\u00e9rigraphie (largeur: 2 1\/2&#8243; \/hauteur: 3&#8243;)<\/p>\n","protected":false},"featured_media":3852,"template":"","meta":[],"class_list":{"0":"post-3843","1":"product","2":"type-product","3":"status-publish","4":"has-post-thumbnail","6":"product_cat-appliques","8":"first","9":"instock","10":"shipping-taxable","11":"product-type-simple"},"aioseo_notices":[],"_links":{"self":[{"href":"https:\/\/shalouka.com\/fr\/wp-json\/wp\/v2\/product\/3843","targetHints":{"allow":["GET"]}}],"collection":[{"href":"https:\/\/shalouka.com\/fr\/wp-json\/wp\/v2\/product"}],"about":[{"href":"https:\/\/shalouka.com\/fr\/wp-json\/wp\/v2\/types\/product"}],"wp:featuredmedia":[{"embeddable":true,"href":"https:\/\/shalouka.com\/fr\/wp-json\/wp\/v2\/media\/3852"}],"wp:attachment":[{"href":"https:\/\/shalouka.com\/fr\/wp-json\/wp\/v2\/media?parent=3843"}],"curies":[{"name":"wp","href":"https:\/\/api.w.org\/{rel}","templated":true}]}}