{"id":3841,"date":"2013-07-15T12:14:27","date_gmt":"2013-07-15T16:14:27","guid":{"rendered":"http:\/\/shalouka.com\/shop\/applique-3\/"},"modified":"2015-09-14T10:33:14","modified_gmt":"2015-09-14T15:33:14","slug":"applique-3","status":"publish","type":"product","link":"https:\/\/shalouka.com\/fr\/produit\/applique-003\/","title":{"rendered":"Appliqu\u00e9 003"},"content":{"rendered":"<p>Devant : S\u00e9rigraphie effet vintage (largeur 11&#8221;)<\/p>\n<p>Capuchon c\u00f4t\u00e9 droit : S\u00e9rigraphie effet vintage (largeur 2&#8221;)<\/p>","protected":false},"excerpt":{"rendered":"<p>Devant : S\u00e9rigraphie effet vintage (largeur 11&#8221;) Capuchon c\u00f4t\u00e9 droit : S\u00e9rigraphie effet vintage (largeur 2&#8221;)<\/p>\n","protected":false},"featured_media":3850,"template":"","meta":[],"class_list":{"0":"post-3841","1":"product","2":"type-product","3":"status-publish","4":"has-post-thumbnail","6":"product_cat-appliques","8":"first","9":"instock","10":"shipping-taxable","11":"product-type-simple"},"aioseo_notices":[],"_links":{"self":[{"href":"https:\/\/shalouka.com\/fr\/wp-json\/wp\/v2\/product\/3841","targetHints":{"allow":["GET"]}}],"collection":[{"href":"https:\/\/shalouka.com\/fr\/wp-json\/wp\/v2\/product"}],"about":[{"href":"https:\/\/shalouka.com\/fr\/wp-json\/wp\/v2\/types\/product"}],"wp:featuredmedia":[{"embeddable":true,"href":"https:\/\/shalouka.com\/fr\/wp-json\/wp\/v2\/media\/3850"}],"wp:attachment":[{"href":"https:\/\/shalouka.com\/fr\/wp-json\/wp\/v2\/media?parent=3841"}],"curies":[{"name":"wp","href":"https:\/\/api.w.org\/{rel}","templated":true}]}}