{"id":3837,"date":"2013-07-15T12:11:40","date_gmt":"2013-07-15T16:11:40","guid":{"rendered":"http:\/\/shalouka.com\/?post_type=product&#038;p=3837"},"modified":"2015-09-14T10:33:41","modified_gmt":"2015-09-14T15:33:41","slug":"applique-1","status":"publish","type":"product","link":"https:\/\/shalouka.com\/fr\/produit\/applique-001\/","title":{"rendered":"Appliqu\u00e9 001"},"content":{"rendered":"<p>Devant : Appliqu\u00e9 double (Polypropyl\u00e8ne sur feutre \u00e9cru) et s\u00e9rigraphie ton-sur-ton (largeur 12&#8221;)<\/p>\n<p>Dos : S\u00e9rigraphie ton-sur-ton (hauteur 11&#8221;)<\/p>","protected":false},"excerpt":{"rendered":"<p>Devant : Appliqu\u00e9 double (Polypropyl\u00e8ne sur feutre \u00e9cru) et s\u00e9rigraphie ton-sur-ton (largeur 12&#8221;) Dos : S\u00e9rigraphie ton-sur-ton (hauteur 11&#8221;)<\/p>\n","protected":false},"featured_media":3838,"template":"","meta":[],"class_list":{"0":"post-3837","1":"product","2":"type-product","3":"status-publish","4":"has-post-thumbnail","6":"product_cat-appliques","8":"first","9":"instock","10":"shipping-taxable","11":"product-type-simple"},"aioseo_notices":[],"_links":{"self":[{"href":"https:\/\/shalouka.com\/fr\/wp-json\/wp\/v2\/product\/3837","targetHints":{"allow":["GET"]}}],"collection":[{"href":"https:\/\/shalouka.com\/fr\/wp-json\/wp\/v2\/product"}],"about":[{"href":"https:\/\/shalouka.com\/fr\/wp-json\/wp\/v2\/types\/product"}],"wp:featuredmedia":[{"embeddable":true,"href":"https:\/\/shalouka.com\/fr\/wp-json\/wp\/v2\/media\/3838"}],"wp:attachment":[{"href":"https:\/\/shalouka.com\/fr\/wp-json\/wp\/v2\/media?parent=3837"}],"curies":[{"name":"wp","href":"https:\/\/api.w.org\/{rel}","templated":true}]}}