{"id":3825,"date":"2013-05-23T00:08:41","date_gmt":"2013-05-23T04:08:41","guid":{"rendered":"http:\/\/shalouka.com\/shop\/bouteille-a-velo-comprimable-m1616\/"},"modified":"2014-03-24T20:26:31","modified_gmt":"2014-03-25T00:26:31","slug":"bouteille-a-velo-comprimable-m1616","status":"publish","type":"product","link":"https:\/\/shalouka.com\/fr\/produit\/bouteille-a-velo-comprimable-m1616\/","title":{"rendered":"Bouteille \u00e0 v\u00e9lo comprimable #M1616"},"content":{"rendered":"<p>Avec ou sans impression, possibilit\u00e9 de 4 couleurs.<br \/>\nCouvercle disponible en couleur : vert, blanc, jaune, rouge, bleu et noir.<\/p>\n<p>Volume : 24 on<br \/>\nZone impression : 4&#8243; x 3&#8243;<br \/>\nZone d&#8217;impression sur la partie du haut : 3&#8243; x 1&#8243;<br \/>\nContour : 7 1\/2&#8243; x 3&#8243;<br \/>\nGrandeur de produit : 9&#8243;<\/p>","protected":false},"excerpt":{"rendered":"<p>Avec ou sans impression, possibilit\u00e9 de 4 couleurs. Couvercle disponible en couleur : vert, blanc, jaune, rouge, bleu et noir. Volume : 24 on Zone impression : 4&#8243; x 3&#8243; Zone d&#8217;impression sur la partie du haut : 3&#8243; x 1&#8243; Contour : 7 1\/2&#8243; x 3&#8243; Grandeur de produit : 9&#8243;<\/p>\n","protected":false},"featured_media":3832,"template":"","meta":[],"class_list":{"0":"post-3825","1":"product","2":"type-product","3":"status-publish","4":"has-post-thumbnail","6":"product_cat-bouteille","7":"pa_couleur-blanc-09","8":"pa_couleur-bleu-15","9":"pa_couleur-jaune-12","10":"pa_couleur-noir-11","11":"pa_couleur-rouge-13","13":"first","14":"instock","15":"shipping-taxable","16":"purchasable","17":"product-type-variable"},"aioseo_notices":[],"_links":{"self":[{"href":"https:\/\/shalouka.com\/fr\/wp-json\/wp\/v2\/product\/3825","targetHints":{"allow":["GET"]}}],"collection":[{"href":"https:\/\/shalouka.com\/fr\/wp-json\/wp\/v2\/product"}],"about":[{"href":"https:\/\/shalouka.com\/fr\/wp-json\/wp\/v2\/types\/product"}],"wp:featuredmedia":[{"embeddable":true,"href":"https:\/\/shalouka.com\/fr\/wp-json\/wp\/v2\/media\/3832"}],"wp:attachment":[{"href":"https:\/\/shalouka.com\/fr\/wp-json\/wp\/v2\/media?parent=3825"}],"curies":[{"name":"wp","href":"https:\/\/api.w.org\/{rel}","templated":true}]}}