{"id":3821,"date":"2013-05-23T00:08:36","date_gmt":"2013-05-23T04:08:36","guid":{"rendered":"http:\/\/shalouka.com\/shop\/bock-givre-m1013\/"},"modified":"2014-03-24T20:27:18","modified_gmt":"2014-03-25T00:27:18","slug":"bock-givre-m1013","status":"publish","type":"product","link":"https:\/\/shalouka.com\/fr\/produit\/bock-givre-m1013\/","title":{"rendered":"Bock givr\u00e9 #M1013"},"content":{"rendered":"<p>Bock en plastique \u00e0 double paroi pour le cong\u00e9lateur<br \/>\nAvec ou sans impression, possibilit\u00e9 de 4 couleurs.<\/p>\n<p>Volume : 16 on<br \/>\nZone impression : 2 1\/2&#8243; x 3&#8243;<br \/>\nContour : 7 1\/2&#8243; x 3&#8243;<br \/>\nGrandeur de produit : 6&#8243;<\/p>","protected":false},"excerpt":{"rendered":"<p>Bock en plastique \u00e0 double paroi pour le cong\u00e9lateur Avec ou sans impression, possibilit\u00e9 de 4 couleurs. Volume : 16 on Zone impression : 2 1\/2&#8243; x 3&#8243; Contour : 7 1\/2&#8243; x 3&#8243; Grandeur de produit : 6&#8243;<\/p>\n","protected":false},"featured_media":3830,"template":"","meta":[],"class_list":{"0":"post-3821","1":"product","2":"type-product","3":"status-publish","4":"has-post-thumbnail","6":"product_cat-bouteille","7":"pa_couleur-transparent-18","9":"first","10":"instock","11":"shipping-taxable","12":"purchasable","13":"product-type-variable"},"aioseo_notices":[],"_links":{"self":[{"href":"https:\/\/shalouka.com\/fr\/wp-json\/wp\/v2\/product\/3821","targetHints":{"allow":["GET"]}}],"collection":[{"href":"https:\/\/shalouka.com\/fr\/wp-json\/wp\/v2\/product"}],"about":[{"href":"https:\/\/shalouka.com\/fr\/wp-json\/wp\/v2\/types\/product"}],"wp:featuredmedia":[{"embeddable":true,"href":"https:\/\/shalouka.com\/fr\/wp-json\/wp\/v2\/media\/3830"}],"wp:attachment":[{"href":"https:\/\/shalouka.com\/fr\/wp-json\/wp\/v2\/media?parent=3821"}],"curies":[{"name":"wp","href":"https:\/\/api.w.org\/{rel}","templated":true}]}}