{"id":3798,"date":"2013-05-15T14:36:08","date_gmt":"2013-05-15T18:36:08","guid":{"rendered":"http:\/\/shalouka.com\/shop\/chope-en-inox-99033\/"},"modified":"2014-03-24T20:28:11","modified_gmt":"2014-03-25T00:28:11","slug":"chope-en-inox-99033","status":"publish","type":"product","link":"https:\/\/shalouka.com\/fr\/produit\/chope-en-inox-99033\/","title":{"rendered":"Chope en inox #99033"},"content":{"rendered":"<p>Chope \u00e0 double paroi en acier bross\u00e9, 16 oz avec couvercle, couvercle anti-\u00e9claboussure noir avec languette coulissante, int\u00e9rieur en r\u00e9sine synth\u00e9thique, poign\u00e9e en plastique noir, bo\u00eete individuelle.<br \/>\nAvec ou sans impression<\/p>\n<p>Volume : 16 on<br \/>\nZone impression : 1 3\/4&#8243; x 2 1\/4&#8243;<br \/>\nDimensions : 6&#8243; x 3 3\/8&#8243; diam.<br \/>\nPoids : 0,644 Livres<\/p>","protected":false},"excerpt":{"rendered":"<p>Chope \u00e0 double paroi en acier bross\u00e9, 16 oz avec couvercle, couvercle anti-\u00e9claboussure noir avec languette coulissante, int\u00e9rieur en r\u00e9sine synth\u00e9thique, poign\u00e9e en plastique noir, bo\u00eete individuelle. Avec ou sans impression Volume : 16 on Zone impression : 1 3\/4&#8243; x 2 1\/4&#8243; Dimensions : 6&#8243; x 3 3\/8&#8243; diam. Poids : 0,644 Livres<\/p>\n","protected":false},"featured_media":3807,"template":"","meta":[],"class_list":{"0":"post-3798","1":"product","2":"type-product","3":"status-publish","4":"has-post-thumbnail","6":"product_cat-bouteille","7":"pa_couleur-argent-21","9":"first","10":"instock","11":"shipping-taxable","12":"purchasable","13":"product-type-variable"},"aioseo_notices":[],"_links":{"self":[{"href":"https:\/\/shalouka.com\/fr\/wp-json\/wp\/v2\/product\/3798","targetHints":{"allow":["GET"]}}],"collection":[{"href":"https:\/\/shalouka.com\/fr\/wp-json\/wp\/v2\/product"}],"about":[{"href":"https:\/\/shalouka.com\/fr\/wp-json\/wp\/v2\/types\/product"}],"wp:featuredmedia":[{"embeddable":true,"href":"https:\/\/shalouka.com\/fr\/wp-json\/wp\/v2\/media\/3807"}],"wp:attachment":[{"href":"https:\/\/shalouka.com\/fr\/wp-json\/wp\/v2\/media?parent=3798"}],"curies":[{"name":"wp","href":"https:\/\/api.w.org\/{rel}","templated":true}]}}