{"id":3796,"date":"2013-05-15T14:36:04","date_gmt":"2013-05-15T18:36:04","guid":{"rendered":"http:\/\/shalouka.com\/shop\/chope-givree-9435\/"},"modified":"2014-03-24T20:28:46","modified_gmt":"2014-03-25T00:28:46","slug":"chope-givree-9435","status":"publish","type":"product","link":"https:\/\/shalouka.com\/fr\/produit\/chope-givree-9435\/","title":{"rendered":"Chope givr\u00e9e #9435"},"content":{"rendered":"<p>Chope de 12 oz congelable en acrylique translucide \u00e0 double paroi, gel liquide s\u00e9curitaire non-toxique pour garder la chope froide, bo\u00eete individuelle.<br \/>\nAvec ou sans impression<\/p>\n<p>Volume : 16 on<br \/>\nZone impression : 2 1\/4&#8243; x 3 3\/4&#8243;<br \/>\nDimensions : 7&#8243; x 3 3\/4&#8243; diam.<br \/>\nPoids : 1,021 Livres<\/p>","protected":false},"excerpt":{"rendered":"<p>Chope de 12 oz congelable en acrylique translucide \u00e0 double paroi, gel liquide s\u00e9curitaire non-toxique pour garder la chope froide, bo\u00eete individuelle. Avec ou sans impression Volume : 16 on Zone impression : 2 1\/4&#8243; x 3 3\/4&#8243; Dimensions : 7&#8243; x 3 3\/4&#8243; diam. Poids : 1,021 Livres<\/p>\n","protected":false},"featured_media":3806,"template":"","meta":[],"class_list":{"0":"post-3796","1":"product","2":"type-product","3":"status-publish","4":"has-post-thumbnail","6":"product_cat-bouteille","7":"pa_couleur-transparent-18","9":"first","10":"instock","11":"shipping-taxable","12":"purchasable","13":"product-type-variable"},"aioseo_notices":[],"_links":{"self":[{"href":"https:\/\/shalouka.com\/fr\/wp-json\/wp\/v2\/product\/3796","targetHints":{"allow":["GET"]}}],"collection":[{"href":"https:\/\/shalouka.com\/fr\/wp-json\/wp\/v2\/product"}],"about":[{"href":"https:\/\/shalouka.com\/fr\/wp-json\/wp\/v2\/types\/product"}],"wp:featuredmedia":[{"embeddable":true,"href":"https:\/\/shalouka.com\/fr\/wp-json\/wp\/v2\/media\/3806"}],"wp:attachment":[{"href":"https:\/\/shalouka.com\/fr\/wp-json\/wp\/v2\/media?parent=3796"}],"curies":[{"name":"wp","href":"https:\/\/api.w.org\/{rel}","templated":true}]}}