{"id":3794,"date":"2013-05-15T14:36:03","date_gmt":"2013-05-15T18:36:03","guid":{"rendered":"http:\/\/shalouka.com\/shop\/bouteille-en-plastique-1466\/"},"modified":"2014-03-24T20:28:52","modified_gmt":"2014-03-25T00:28:52","slug":"bouteille-en-plastique-1466","status":"publish","type":"product","link":"https:\/\/shalouka.com\/fr\/produit\/bouteille-en-plastique-1466\/","title":{"rendered":"Bouteille en plastique #1466"},"content":{"rendered":"<p>Sans BPA, bouchon viss\u00e9 \u00e9quip\u00e9 d\u2019un bec pivotant transparent et d\u2019une anse, sac individuel.<br \/>\nAvec ou sans impression<\/p>\n<p>Volume : 32 on<br \/>\nZone impression : 1 3\/4&#8243; x 2 1\/2&#8243;<br \/>\nDimensions : 11&#8243; x 3&#8243; diam.<br \/>\nPoids : 0,271 Livres<\/p>","protected":false},"excerpt":{"rendered":"<p>Sans BPA, bouchon viss\u00e9 \u00e9quip\u00e9 d\u2019un bec pivotant transparent et d\u2019une anse, sac individuel. Avec ou sans impression Volume : 32 on Zone impression : 1 3\/4&#8243; x 2 1\/2&#8243; Dimensions : 11&#8243; x 3&#8243; diam. Poids : 0,271 Livres<\/p>\n","protected":false},"featured_media":3804,"template":"","meta":[],"class_list":{"0":"post-3794","1":"product","2":"type-product","3":"status-publish","4":"has-post-thumbnail","6":"product_cat-bouteille","7":"pa_couleur-noir-11","8":"pa_couleur-rouge-13","9":"pa_couleur-transparent-18","10":"pa_couleur-vert-10","12":"first","13":"instock","14":"shipping-taxable","15":"purchasable","16":"product-type-variable"},"aioseo_notices":[],"_links":{"self":[{"href":"https:\/\/shalouka.com\/fr\/wp-json\/wp\/v2\/product\/3794","targetHints":{"allow":["GET"]}}],"collection":[{"href":"https:\/\/shalouka.com\/fr\/wp-json\/wp\/v2\/product"}],"about":[{"href":"https:\/\/shalouka.com\/fr\/wp-json\/wp\/v2\/types\/product"}],"wp:featuredmedia":[{"embeddable":true,"href":"https:\/\/shalouka.com\/fr\/wp-json\/wp\/v2\/media\/3804"}],"wp:attachment":[{"href":"https:\/\/shalouka.com\/fr\/wp-json\/wp\/v2\/media?parent=3794"}],"curies":[{"name":"wp","href":"https:\/\/api.w.org\/{rel}","templated":true}]}}