{"id":3792,"date":"2013-05-15T14:36:00","date_gmt":"2013-05-15T18:36:00","guid":{"rendered":"http:\/\/shalouka.com\/shop\/bouteille-en-plastique-1465\/"},"modified":"2014-03-24T20:29:06","modified_gmt":"2014-03-25T00:29:06","slug":"bouteille-en-plastique-1465","status":"publish","type":"product","link":"https:\/\/shalouka.com\/fr\/produit\/bouteille-en-plastique-1465\/","title":{"rendered":"Bouteille en plastique #1465"},"content":{"rendered":"<p>Gourde de sport avec filtre amovible, embouchure avec fermeture coulissante et prot\u00e9g\u00e9 par un capuchon rond et transparent, capacit\u00e9 de 26 oz avec le tube ins\u00e9r\u00e9, ne pas mettre au lave-vaisselle, sac cello.<br \/>\nAvec ou sans impression<\/p>\n<p>Volume : 26 on<br \/>\nZone impression : 1 1\/2&#8243; x 1 1\/2&#8243;<br \/>\nDimensions : 9 1\/2&#8243; x 2 5\/8&#8243; diam.<br \/>\nPoids : 0,165 Livres<\/p>","protected":false},"excerpt":{"rendered":"<p>Gourde de sport avec filtre amovible, embouchure avec fermeture coulissante et prot\u00e9g\u00e9 par un capuchon rond et transparent, capacit\u00e9 de 26 oz avec le tube ins\u00e9r\u00e9, ne pas mettre au lave-vaisselle, sac cello. Avec ou sans impression Volume : 26 on Zone impression : 1 1\/2&#8243; x 1 1\/2&#8243; Dimensions : 9 1\/2&#8243; x 2 [&hellip;]<\/p>\n","protected":false},"featured_media":3803,"template":"","meta":[],"class_list":{"0":"post-3792","1":"product","2":"type-product","3":"status-publish","4":"has-post-thumbnail","6":"product_cat-bouteille","7":"pa_couleur-bleu-15","8":"pa_couleur-noir-11","9":"pa_couleur-rouge-13","10":"pa_couleur-vert-10","12":"first","13":"instock","14":"shipping-taxable","15":"purchasable","16":"product-type-variable"},"aioseo_notices":[],"_links":{"self":[{"href":"https:\/\/shalouka.com\/fr\/wp-json\/wp\/v2\/product\/3792","targetHints":{"allow":["GET"]}}],"collection":[{"href":"https:\/\/shalouka.com\/fr\/wp-json\/wp\/v2\/product"}],"about":[{"href":"https:\/\/shalouka.com\/fr\/wp-json\/wp\/v2\/types\/product"}],"wp:featuredmedia":[{"embeddable":true,"href":"https:\/\/shalouka.com\/fr\/wp-json\/wp\/v2\/media\/3803"}],"wp:attachment":[{"href":"https:\/\/shalouka.com\/fr\/wp-json\/wp\/v2\/media?parent=3792"}],"curies":[{"name":"wp","href":"https:\/\/api.w.org\/{rel}","templated":true}]}}