{"id":3788,"date":"2013-05-15T14:35:56","date_gmt":"2013-05-15T18:35:56","guid":{"rendered":"http:\/\/shalouka.com\/shop\/bouteille-en-plastique-1463\/"},"modified":"2014-03-24T20:31:45","modified_gmt":"2014-03-25T00:31:45","slug":"bouteille-en-plastique-1463","status":"publish","type":"product","link":"https:\/\/shalouka.com\/fr\/produit\/bouteille-en-plastique-1463\/","title":{"rendered":"Bouteille en plastique #1463"},"content":{"rendered":"<p>Sans BPA, bouchon viss\u00e9 \u00e9quip\u00e9 d\u2019un bec pivotant transparent et d\u2019une anse, sac cello.<br \/>\nAvec ou sans impression<\/p>\n<p>Volume : 24 on<br \/>\nZone impression : 1 1\/2&#8243; x 1 1\/2&#8243;<br \/>\nDimensions : 9 1\/2&#8243; x 2 7\/8&#8243; diam.<br \/>\nPoids : 0,265 Livres<\/p>","protected":false},"excerpt":{"rendered":"<p>Sans BPA, bouchon viss\u00e9 \u00e9quip\u00e9 d\u2019un bec pivotant transparent et d\u2019une anse, sac cello. Avec ou sans impression Volume : 24 on Zone impression : 1 1\/2&#8243; x 1 1\/2&#8243; Dimensions : 9 1\/2&#8243; x 2 7\/8&#8243; diam. Poids : 0,265 Livres<\/p>\n","protected":false},"featured_media":3801,"template":"","meta":[],"class_list":{"0":"post-3788","1":"product","2":"type-product","3":"status-publish","4":"has-post-thumbnail","6":"product_cat-bouteille","7":"pa_couleur-bleu-15","8":"pa_couleur-noir-11","9":"pa_couleur-rouge-13","10":"pa_couleur-vert-10","12":"first","13":"instock","14":"shipping-taxable","15":"purchasable","16":"product-type-variable"},"aioseo_notices":[],"_links":{"self":[{"href":"https:\/\/shalouka.com\/fr\/wp-json\/wp\/v2\/product\/3788","targetHints":{"allow":["GET"]}}],"collection":[{"href":"https:\/\/shalouka.com\/fr\/wp-json\/wp\/v2\/product"}],"about":[{"href":"https:\/\/shalouka.com\/fr\/wp-json\/wp\/v2\/types\/product"}],"wp:featuredmedia":[{"embeddable":true,"href":"https:\/\/shalouka.com\/fr\/wp-json\/wp\/v2\/media\/3801"}],"wp:attachment":[{"href":"https:\/\/shalouka.com\/fr\/wp-json\/wp\/v2\/media?parent=3788"}],"curies":[{"name":"wp","href":"https:\/\/api.w.org\/{rel}","templated":true}]}}