{"id":3779,"date":"2013-05-15T13:03:16","date_gmt":"2013-05-15T17:03:16","guid":{"rendered":"http:\/\/shalouka.com\/shop\/bouteille-en-plastique-1371\/"},"modified":"2014-03-24T20:32:14","modified_gmt":"2014-03-25T00:32:14","slug":"bouteille-en-plastique-1371","status":"publish","type":"product","link":"https:\/\/shalouka.com\/fr\/produit\/bouteille-en-plastique-1371\/","title":{"rendered":"Bouteille en plastique #1371"},"content":{"rendered":"<p>Sans BPA, bouchon viss\u00e9 \u00e9quip\u00e9 d\u2019un bec pivotant transparent et d\u2019une anse, sac individuel, ne pas mettre au lave-vaisselle, impression sur un c\u00f4t\u00e9 seulement.<br \/>\nAvec ou sans impression<\/p>\n<p>Volume : 24 on<br \/>\nZone impression : 1 3\/4&#8243; x 1 3\/8&#8243;<br \/>\nDimensions : 10 1\/4&#8243; x 3&#8243; diam.<br \/>\nPoids : 0,231 Livres<\/p>","protected":false},"excerpt":{"rendered":"<p>Sans BPA, bouchon viss\u00e9 \u00e9quip\u00e9 d\u2019un bec pivotant transparent et d\u2019une anse, sac individuel, ne pas mettre au lave-vaisselle, impression sur un c\u00f4t\u00e9 seulement. Avec ou sans impression Volume : 24 on Zone impression : 1 3\/4&#8243; x 1 3\/8&#8243; Dimensions : 10 1\/4&#8243; x 3&#8243; diam. Poids : 0,231 Livres<\/p>\n","protected":false},"featured_media":3785,"template":"","meta":[],"class_list":{"0":"post-3779","1":"product","2":"type-product","3":"status-publish","4":"has-post-thumbnail","6":"product_cat-bouteille","7":"pa_couleur-bleu-15","8":"pa_couleur-fume-07","9":"pa_couleur-rouge-13","11":"first","12":"instock","13":"shipping-taxable","14":"purchasable","15":"product-type-variable"},"aioseo_notices":[],"_links":{"self":[{"href":"https:\/\/shalouka.com\/fr\/wp-json\/wp\/v2\/product\/3779","targetHints":{"allow":["GET"]}}],"collection":[{"href":"https:\/\/shalouka.com\/fr\/wp-json\/wp\/v2\/product"}],"about":[{"href":"https:\/\/shalouka.com\/fr\/wp-json\/wp\/v2\/types\/product"}],"wp:featuredmedia":[{"embeddable":true,"href":"https:\/\/shalouka.com\/fr\/wp-json\/wp\/v2\/media\/3785"}],"wp:attachment":[{"href":"https:\/\/shalouka.com\/fr\/wp-json\/wp\/v2\/media?parent=3779"}],"curies":[{"name":"wp","href":"https:\/\/api.w.org\/{rel}","templated":true}]}}