{"id":3777,"date":"2013-05-15T13:03:14","date_gmt":"2013-05-15T17:03:14","guid":{"rendered":"http:\/\/shalouka.com\/shop\/gobelet-isotherme-1258\/"},"modified":"2014-03-24T20:32:48","modified_gmt":"2014-03-25T00:32:48","slug":"gobelet-isotherme-1258","status":"publish","type":"product","link":"https:\/\/shalouka.com\/fr\/produit\/gobelet-isotherme-1258\/","title":{"rendered":"Gobelet isotherme #1258"},"content":{"rendered":"<p>Gobelet isotherme de 18 oz avec ext\u00e9rieur en acier bross\u00e9 habill\u00e9 de petits crampons et fond caoutchout\u00e9s, double paroi en acier inoxydable 18\/8, int\u00e9rieur et bordure en inox, couvercle anti-\u00e9claboussure avec languette coulissante, bo\u00eete individuelle.<br \/>\nAvec ou sans impression<\/p>\n<p>Volume : 18 on<br \/>\nZone impression : 2 1\/4&#8243; x 1 1\/4&#8243;<br \/>\nDimensions : 7 3\/8&#8243; x 3 1\/4&#8243; diam.<br \/>\nPoids : 0,595 Livres<\/p>","protected":false},"excerpt":{"rendered":"<p>Gobelet isotherme de 18 oz avec ext\u00e9rieur en acier bross\u00e9 habill\u00e9 de petits crampons et fond caoutchout\u00e9s, double paroi en acier inoxydable 18\/8, int\u00e9rieur et bordure en inox, couvercle anti-\u00e9claboussure avec languette coulissante, bo\u00eete individuelle. Avec ou sans impression Volume : 18 on Zone impression : 2 1\/4&#8243; x 1 1\/4&#8243; Dimensions : 7 3\/8&#8243; [&hellip;]<\/p>\n","protected":false},"featured_media":3784,"template":"","meta":[],"class_list":{"0":"post-3777","1":"product","2":"type-product","3":"status-publish","4":"has-post-thumbnail","6":"product_cat-bouteille","7":"pa_couleur-argent-21","8":"pa_couleur-blanc-09","9":"pa_couleur-bleu-15","10":"pa_couleur-noir-11","11":"pa_couleur-rouge-13","13":"first","14":"instock","15":"shipping-taxable","16":"purchasable","17":"product-type-variable"},"aioseo_notices":[],"_links":{"self":[{"href":"https:\/\/shalouka.com\/fr\/wp-json\/wp\/v2\/product\/3777","targetHints":{"allow":["GET"]}}],"collection":[{"href":"https:\/\/shalouka.com\/fr\/wp-json\/wp\/v2\/product"}],"about":[{"href":"https:\/\/shalouka.com\/fr\/wp-json\/wp\/v2\/types\/product"}],"wp:featuredmedia":[{"embeddable":true,"href":"https:\/\/shalouka.com\/fr\/wp-json\/wp\/v2\/media\/3784"}],"wp:attachment":[{"href":"https:\/\/shalouka.com\/fr\/wp-json\/wp\/v2\/media?parent=3777"}],"curies":[{"name":"wp","href":"https:\/\/api.w.org\/{rel}","templated":true}]}}