{"id":3775,"date":"2013-05-15T13:03:11","date_gmt":"2013-05-15T17:03:11","guid":{"rendered":"http:\/\/shalouka.com\/shop\/bouteille-en-aluminium-1256\/"},"modified":"2014-03-24T20:32:45","modified_gmt":"2014-03-25T00:32:45","slug":"bouteille-en-aluminium-1256","status":"publish","type":"product","link":"https:\/\/shalouka.com\/fr\/produit\/bouteille-en-aluminium-1256\/","title":{"rendered":"Bouteille en aluminium #1256"},"content":{"rendered":"<p>Int\u00e9rieur m\u00e9tallis\u00e9 et argent\u00e9, bouchon en PP viss\u00e9 avec ouverture automatique, anneau de plastique pour accrocher la bouteille, bo\u00eete individuelle.<br \/>\nAvec ou sans impression<\/p>\n<p>Volume : 28 on<br \/>\nZone impression : 1 1\/2&#8243; x 2&#8243;<br \/>\nDimensions : 10 1\/2&#8243; x 2 7\/8&#8243; diam.<br \/>\nPoids : 0,353 Livres<\/p>","protected":false},"excerpt":{"rendered":"<p>Int\u00e9rieur m\u00e9tallis\u00e9 et argent\u00e9, bouchon en PP viss\u00e9 avec ouverture automatique, anneau de plastique pour accrocher la bouteille, bo\u00eete individuelle. Avec ou sans impression Volume : 28 on Zone impression : 1 1\/2&#8243; x 2&#8243; Dimensions : 10 1\/2&#8243; x 2 7\/8&#8243; diam. Poids : 0,353 Livres<\/p>\n","protected":false},"featured_media":3783,"template":"","meta":[],"class_list":{"0":"post-3775","1":"product","2":"type-product","3":"status-publish","4":"has-post-thumbnail","6":"product_cat-bouteille","7":"pa_couleur-argent-21","8":"pa_couleur-bleu-metallise-31","9":"pa_couleur-rouge-metallise-32","10":"pa_couleur-vert-metallise-30","12":"first","13":"instock","14":"shipping-taxable","15":"purchasable","16":"product-type-variable"},"aioseo_notices":[],"_links":{"self":[{"href":"https:\/\/shalouka.com\/fr\/wp-json\/wp\/v2\/product\/3775","targetHints":{"allow":["GET"]}}],"collection":[{"href":"https:\/\/shalouka.com\/fr\/wp-json\/wp\/v2\/product"}],"about":[{"href":"https:\/\/shalouka.com\/fr\/wp-json\/wp\/v2\/types\/product"}],"wp:featuredmedia":[{"embeddable":true,"href":"https:\/\/shalouka.com\/fr\/wp-json\/wp\/v2\/media\/3783"}],"wp:attachment":[{"href":"https:\/\/shalouka.com\/fr\/wp-json\/wp\/v2\/media?parent=3775"}],"curies":[{"name":"wp","href":"https:\/\/api.w.org\/{rel}","templated":true}]}}