{"id":3773,"date":"2013-05-15T13:03:09","date_gmt":"2013-05-15T17:03:09","guid":{"rendered":"http:\/\/shalouka.com\/shop\/bouteille-en-acrylique-1243\/"},"modified":"2014-03-24T20:33:16","modified_gmt":"2014-03-25T00:33:16","slug":"bouteille-en-acrylique-1243","status":"publish","type":"product","link":"https:\/\/shalouka.com\/fr\/produit\/bouteille-en-acrylique-1243\/","title":{"rendered":"Bouteille en acrylique #1243"},"content":{"rendered":"<p>Bas du gobelet en caoutchouc textur\u00e9, int\u00e9rieur en r\u00e9sine, couvercle viss\u00e9 avec fermoir \u00e0 bascule, bo\u00eete individuelle.<br \/>\nAvec ou sans impression<\/p>\n<p>Volume : 16 on<br \/>\nZone impression : 1 3\/4&#8243; x 1 1\/4&#8243;<br \/>\nDimensions : 8 5\/8&#8243; x 3&#8243; diam.<br \/>\nPoids : 0,672 Livres<\/p>","protected":false},"excerpt":{"rendered":"<p>Bas du gobelet en caoutchouc textur\u00e9, int\u00e9rieur en r\u00e9sine, couvercle viss\u00e9 avec fermoir \u00e0 bascule, bo\u00eete individuelle. Avec ou sans impression Volume : 16 on Zone impression : 1 3\/4&#8243; x 1 1\/4&#8243; Dimensions : 8 5\/8&#8243; x 3&#8243; diam. Poids : 0,672 Livres<\/p>\n","protected":false},"featured_media":3782,"template":"","meta":[],"class_list":{"0":"post-3773","1":"product","2":"type-product","3":"status-publish","4":"has-post-thumbnail","6":"product_cat-bouteille","7":"pa_couleur-blanc-09","8":"pa_couleur-bleu-15","10":"first","11":"instock","12":"shipping-taxable","13":"purchasable","14":"product-type-variable"},"aioseo_notices":[],"_links":{"self":[{"href":"https:\/\/shalouka.com\/fr\/wp-json\/wp\/v2\/product\/3773","targetHints":{"allow":["GET"]}}],"collection":[{"href":"https:\/\/shalouka.com\/fr\/wp-json\/wp\/v2\/product"}],"about":[{"href":"https:\/\/shalouka.com\/fr\/wp-json\/wp\/v2\/types\/product"}],"wp:featuredmedia":[{"embeddable":true,"href":"https:\/\/shalouka.com\/fr\/wp-json\/wp\/v2\/media\/3782"}],"wp:attachment":[{"href":"https:\/\/shalouka.com\/fr\/wp-json\/wp\/v2\/media?parent=3773"}],"curies":[{"name":"wp","href":"https:\/\/api.w.org\/{rel}","templated":true}]}}