{"id":3771,"date":"2013-05-15T13:03:07","date_gmt":"2013-05-15T17:03:07","guid":{"rendered":"http:\/\/shalouka.com\/shop\/bouteille-en-inox-1212\/"},"modified":"2014-03-24T20:33:16","modified_gmt":"2014-03-25T00:33:16","slug":"bouteille-en-inox-1212","status":"publish","type":"product","link":"https:\/\/shalouka.com\/fr\/produit\/bouteille-en-inox-1212\/","title":{"rendered":"Bouteille en inox #1212"},"content":{"rendered":"<p>Int\u00e9rieur en acier inoxydable, couvercle avec fermeture anti-\u00e9claboussures, bo\u00eete individuelle.<br \/>\nAvec ou sans impression<\/p>\n<p>Volume : 16 on<br \/>\nZone impression : 1 3\/4&#8243; x 1 1\/2&#8243;<br \/>\nDimensions : 7&#8243; x 3 1\/8&#8243; diam.<br \/>\nPoids : 0,397 Livres<\/p>","protected":false},"excerpt":{"rendered":"<p>Int\u00e9rieur en acier inoxydable, couvercle avec fermeture anti-\u00e9claboussures, bo\u00eete individuelle. Avec ou sans impression Volume : 16 on Zone impression : 1 3\/4&#8243; x 1 1\/2&#8243; Dimensions : 7&#8243; x 3 1\/8&#8243; diam. Poids : 0,397 Livres<\/p>\n","protected":false},"featured_media":3781,"template":"","meta":[],"class_list":{"0":"post-3771","1":"product","2":"type-product","3":"status-publish","4":"has-post-thumbnail","6":"product_cat-bouteille","7":"pa_couleur-bleu-15","8":"pa_couleur-noir-11","9":"pa_couleur-rouge-13","10":"pa_couleur-vert-10","12":"first","13":"instock","14":"shipping-taxable","15":"purchasable","16":"product-type-variable"},"aioseo_notices":[],"_links":{"self":[{"href":"https:\/\/shalouka.com\/fr\/wp-json\/wp\/v2\/product\/3771","targetHints":{"allow":["GET"]}}],"collection":[{"href":"https:\/\/shalouka.com\/fr\/wp-json\/wp\/v2\/product"}],"about":[{"href":"https:\/\/shalouka.com\/fr\/wp-json\/wp\/v2\/types\/product"}],"wp:featuredmedia":[{"embeddable":true,"href":"https:\/\/shalouka.com\/fr\/wp-json\/wp\/v2\/media\/3781"}],"wp:attachment":[{"href":"https:\/\/shalouka.com\/fr\/wp-json\/wp\/v2\/media?parent=3771"}],"curies":[{"name":"wp","href":"https:\/\/api.w.org\/{rel}","templated":true}]}}