{"id":3762,"date":"2013-05-15T12:48:40","date_gmt":"2013-05-15T16:48:40","guid":{"rendered":"http:\/\/shalouka.com\/shop\/bouteille-en-inox-1210\/"},"modified":"2014-03-24T20:33:45","modified_gmt":"2014-03-25T00:33:45","slug":"bouteille-en-inox-1210","status":"publish","type":"product","link":"https:\/\/shalouka.com\/fr\/produit\/bouteille-en-inox-1210\/","title":{"rendered":"Bouteille en inox #1210"},"content":{"rendered":"<p>Gourde en acier inoxydable, int\u00e9rieur en acier inoxydable, petit cordon attach\u00e9 au bouchon pour transporter la gourde, bo\u00eete individuelle.<br \/>\nAvec ou sans impression<\/p>\n<p>Volume : 24 on<br \/>\nZone impression : 2&#8243; x 3&#8243;<br \/>\nDimensions : 9 1\/8&#8243; x 2 3\/4&#8243; diam.<br \/>\nPoids : 0,315 Livres<\/p>","protected":false},"excerpt":{"rendered":"<p>Gourde en acier inoxydable, int\u00e9rieur en acier inoxydable, petit cordon attach\u00e9 au bouchon pour transporter la gourde, bo\u00eete individuelle. Avec ou sans impression Volume : 24 on Zone impression : 2&#8243; x 3&#8243; Dimensions : 9 1\/8&#8243; x 2 3\/4&#8243; diam. Poids : 0,315 Livres<\/p>\n","protected":false},"featured_media":3769,"template":"","meta":[],"class_list":{"0":"post-3762","1":"product","2":"type-product","3":"status-publish","4":"has-post-thumbnail","6":"product_cat-bouteille","7":"pa_couleur-argent-21","8":"pa_couleur-bleu-15","9":"pa_couleur-rouge-13","10":"pa_couleur-vert-10","12":"first","13":"instock","14":"shipping-taxable","15":"purchasable","16":"product-type-variable"},"aioseo_notices":[],"_links":{"self":[{"href":"https:\/\/shalouka.com\/fr\/wp-json\/wp\/v2\/product\/3762","targetHints":{"allow":["GET"]}}],"collection":[{"href":"https:\/\/shalouka.com\/fr\/wp-json\/wp\/v2\/product"}],"about":[{"href":"https:\/\/shalouka.com\/fr\/wp-json\/wp\/v2\/types\/product"}],"wp:featuredmedia":[{"embeddable":true,"href":"https:\/\/shalouka.com\/fr\/wp-json\/wp\/v2\/media\/3769"}],"wp:attachment":[{"href":"https:\/\/shalouka.com\/fr\/wp-json\/wp\/v2\/media?parent=3762"}],"curies":[{"name":"wp","href":"https:\/\/api.w.org\/{rel}","templated":true}]}}